{"id":3006,"date":"2026-01-27T16:43:08","date_gmt":"2026-01-27T15:43:08","guid":{"rendered":"https:\/\/www.ecopoltech.com\/legal-spanish\/"},"modified":"2026-04-07T13:05:23","modified_gmt":"2026-04-07T11:05:23","slug":"legal-es","status":"publish","type":"page","link":"https:\/\/www.ecopoltech.com\/es\/legal-es\/","title":{"rendered":"Legal ES"},"content":{"rendered":"<div id=\"cs-content\" class=\"cs-content\"><section class=\"x-div x-container max width e3006-e1 m2bi-0\"><div class=\"x-text x-content e3006-e2 m2bi-1\"><h1>AVISO LEGAL<\/h1>\n<p>En cumplimiento con el deber de informaci\u00f3n recogido en art\u00edculo 10 de la Ley 34\/2002, de 11 de julio, de Servicios de la Sociedad de la Informaci\u00f3n y del Comercio Electr\u00f3nico (LSSICE), el propietario de la web, le informa de lo siguiente:<\/p>\n\n<ul>\n \t<li>Denominaci\u00f3n social: ECOPOL TECH, SL<\/li>\n \t<li>NIF: B43811454<\/li>\n \t<li>Domicilio: Industria 7 Parque Empresarial El Foix, 43720 - L'Arbo\u00e7 (Tarragona)<\/li>\n<\/ul>\n<p>Inscrita en el Registro Mercantil de TARRAGONA al Tomo 2095, folio 145, secci\u00f3n 8, hoja n\u00famero T 31438, inscripci\u00f3n 1<\/p>\n<p>Con los l\u00edmites establecidos en la ley, ECOPOL TECH, SL no asume ninguna responsabilidad derivada de la falta de veracidad, integridad, actualizaci\u00f3n y precisi\u00f3n de los datos o informaciones que contienen sus p\u00e1ginas web.<\/p>\n<p>Los contenidos e informaci\u00f3n no vinculan a ECOPOL TECH, SL ni constituyen opiniones, consejos o asesoramiento legal de ning\u00fan tipo pues se trata meramente de un servicio ofrecido con car\u00e1cter informativo y divulgativo.<\/p>\n<p>Las p\u00e1ginas de Internet de ECOPOL TECH, SL pueden contener enlaces (links) a otras p\u00e1ginas de terceras partes que ECOPOL TECH, SL no puede controlar. Por lo tanto, ECOPOL TECH, SL no puede asumir responsabilidades por el contenido que pueda aparecer en p\u00e1ginas de terceros.<\/p>\n<p>Los textos, im\u00e1genes, sonidos, animaciones, software y el resto de contenidos incluidos en este website son propiedad exclusiva de ECOPOL TECH, SL o sus licenciantes. Cualquier acto de transmisi\u00f3n, distribuci\u00f3n, cesi\u00f3n, reproducci\u00f3n, almacenamiento o comunicaci\u00f3n p\u00fablica total o parcial, deber\u00e1 contar con el consentimiento expreso de ECOPOL TECH, SL .<\/p>\n<p>Asimismo, para acceder a algunos de los servicios que ECOPOL TECH, SL ofrece a trav\u00e9s del sitio web, deber\u00e1 proporcionar algunos datos de car\u00e1cter personal. En cumplimiento de lo establecido en el Reglamento (UE) 2016\/679 del Parlamento Europeo y del Consejo, de 27 de abril de 2016, relativo a la protecci\u00f3n de las personas f\u00edsicas en lo que respecta al tratamiento de datos personales y a la libre circulaci\u00f3n de estos datos le informamos que, mediante la cumplimentaci\u00f3n de los presentes formularios, sus datos personales quedar\u00e1n incorporados y ser\u00e1n tratados en los ficheros de ECOPOL TECH, SL con el fin de poderle prestar y ofrecer nuestros servicios as\u00ed como para informarle de las mejoras del sitio Web.<\/p>\n<p>Le informamos tambi\u00e9n de que tendr\u00e1 la posibilidad en todo momento de ejercer los derechos de acceso, rectificaci\u00f3n, cancelaci\u00f3n, oposici\u00f3n, limitaci\u00f3n y portabilidad de sus datos de car\u00e1cter personal, de manera gratuita mediante email a: <span><a href=\"mailto:sales@ecopoltech.com\">sales@ecopoltech.com<\/a><\/span> o en la direcci\u00f3n: Industria 7 Parque Empresarial El Foix, 43720 - L'Arbo\u00e7 (Tarragona).<\/p><\/div><\/section><\/div>","protected":false},"excerpt":{"rendered":"<p>AVISO LEGAL En cumplimiento con el deber de informaci\u00f3n recogido en art\u00edculo 10 de la Ley 34\/2002, de 11 de julio, de Servicios de la Sociedad de la Informaci\u00f3n y del Comercio Electr\u00f3nico (LSSICE), el propietario de la web, le informa de lo siguiente: Denominaci\u00f3n social: ECOPOL TECH, SL NIF: B43811454 Domicilio: Industria 7 Parque Empresarial El Foix, 43720 &#8211; &#8230; <\/p>\n<div><a href=\"https:\/\/www.ecopoltech.com\/es\/legal-es\/\" class=\"more-link\">Read More<\/a><\/div>\n","protected":false},"author":1,"featured_media":0,"parent":0,"menu_order":0,"comment_status":"closed","ping_status":"closed","template":"template-blank-4.php","meta":{"_acf_changed":false,"footnotes":""},"class_list":["post-3006","page","type-page","status-publish","hentry","no-post-thumbnail"],"acf":[],"_links":{"self":[{"href":"https:\/\/www.ecopoltech.com\/es\/wp-json\/wp\/v2\/pages\/3006","targetHints":{"allow":["GET"]}}],"collection":[{"href":"https:\/\/www.ecopoltech.com\/es\/wp-json\/wp\/v2\/pages"}],"about":[{"href":"https:\/\/www.ecopoltech.com\/es\/wp-json\/wp\/v2\/types\/page"}],"author":[{"embeddable":true,"href":"https:\/\/www.ecopoltech.com\/es\/wp-json\/wp\/v2\/users\/1"}],"replies":[{"embeddable":true,"href":"https:\/\/www.ecopoltech.com\/es\/wp-json\/wp\/v2\/comments?post=3006"}],"version-history":[{"count":2,"href":"https:\/\/www.ecopoltech.com\/es\/wp-json\/wp\/v2\/pages\/3006\/revisions"}],"predecessor-version":[{"id":3014,"href":"https:\/\/www.ecopoltech.com\/es\/wp-json\/wp\/v2\/pages\/3006\/revisions\/3014"}],"wp:attachment":[{"href":"https:\/\/www.ecopoltech.com\/es\/wp-json\/wp\/v2\/media?parent=3006"}],"curies":[{"name":"wp","href":"https:\/\/api.w.org\/{rel}","templated":true}]}}