{"id":2605,"date":"2025-10-06T09:45:59","date_gmt":"2025-10-06T07:45:59","guid":{"rendered":"https:\/\/ecopolstaging.c.wetopi.com\/politica-de-privacidad-2\/"},"modified":"2025-11-25T12:04:16","modified_gmt":"2025-11-25T11:04:16","slug":"politicas","status":"publish","type":"page","link":"https:\/\/www.ecopoltech.com\/es\/politicas\/","title":{"rendered":"Pol\u00edticas"},"content":{"rendered":"<div id=\"cs-content\" class=\"cs-content\"><section class=\"x-div x-container max width e2605-e1 m20d-0 pantalla-completa-topbar\"><nav class=\"x-grid e2605-e2 m20d-2\"><a class=\"x-cell e2605-e3 m20d-3 m20d-1\" href=\"\/media\/00-2_Politica-Calidad-Ecopol-Tech_V4_290925.pdf\" target=\"_blank\" rel=\"noopener noreferrer\" data-x-effect=\"{&quot;animationAlt&quot;:&quot;pulse&quot;}\"><div class=\"x-text x-text-headline e2605-e4 m20d-4\"><div class=\"x-text-content\"><div class=\"x-text-content-text\"><h2 class=\"x-text-content-text-primary\">Pol\u00edtica de Calidad<\/h2>\n<\/div><\/div><\/div><\/a><a class=\"x-cell e2605-e5 m20d-3 m20d-1\" href=\"\/media\/00-2_Politica-Gestion-ambiental-Ecopol-Tech_V4_290925.pdf\" target=\"_blank\" rel=\"noopener noreferrer\" data-x-effect=\"{&quot;animationAlt&quot;:&quot;pulse&quot;}\"><div class=\"x-text x-text-headline e2605-e6 m20d-4\"><div class=\"x-text-content\"><div class=\"x-text-content-text\"><h2 class=\"x-text-content-text-primary\">Pol\u00edtica de Gesti\u00f3n Ambiental<\/h2>\n<\/div><\/div><\/div><\/a><a class=\"x-cell e2605-e7 m20d-3 m20d-1\" href=\"\/media\/00-2-Politica-Calidad-Halal-Ecopol-Tech-SL-V1-25112025.pdf\" target=\"_blank\" rel=\"noopener noreferrer\" data-x-effect=\"{&quot;animationAlt&quot;:&quot;pulse&quot;}\"><div class=\"x-text x-text-headline e2605-e8 m20d-4\"><div class=\"x-text-content\"><div class=\"x-text-content-text\"><h2 class=\"x-text-content-text-primary\">Pol\u00edtica de Calidad Halal<\/h2>\n<\/div><\/div><\/div><\/a><\/nav><\/section><\/div>","protected":false},"excerpt":{"rendered":"<p>Pol\u00edtica de Calidad Pol\u00edtica de Gesti\u00f3n Ambiental Pol\u00edtica de Calidad Halal<\/p>\n","protected":false},"author":1,"featured_media":0,"parent":0,"menu_order":0,"comment_status":"closed","ping_status":"closed","template":"template-blank-4.php","meta":{"_acf_changed":false,"footnotes":""},"class_list":["post-2605","page","type-page","status-publish","hentry","no-post-thumbnail"],"acf":[],"_links":{"self":[{"href":"https:\/\/www.ecopoltech.com\/es\/wp-json\/wp\/v2\/pages\/2605","targetHints":{"allow":["GET"]}}],"collection":[{"href":"https:\/\/www.ecopoltech.com\/es\/wp-json\/wp\/v2\/pages"}],"about":[{"href":"https:\/\/www.ecopoltech.com\/es\/wp-json\/wp\/v2\/types\/page"}],"author":[{"embeddable":true,"href":"https:\/\/www.ecopoltech.com\/es\/wp-json\/wp\/v2\/users\/1"}],"replies":[{"embeddable":true,"href":"https:\/\/www.ecopoltech.com\/es\/wp-json\/wp\/v2\/comments?post=2605"}],"version-history":[{"count":2,"href":"https:\/\/www.ecopoltech.com\/es\/wp-json\/wp\/v2\/pages\/2605\/revisions"}],"predecessor-version":[{"id":2891,"href":"https:\/\/www.ecopoltech.com\/es\/wp-json\/wp\/v2\/pages\/2605\/revisions\/2891"}],"wp:attachment":[{"href":"https:\/\/www.ecopoltech.com\/es\/wp-json\/wp\/v2\/media?parent=2605"}],"curies":[{"name":"wp","href":"https:\/\/api.w.org\/{rel}","templated":true}]}}