{"id":2179,"date":"2024-11-11T07:07:20","date_gmt":"2024-11-11T06:07:20","guid":{"rendered":"https:\/\/ecopolstaging.c.wetopi.com\/?page_id=2179"},"modified":"2026-04-16T09:53:17","modified_gmt":"2026-04-16T07:53:17","slug":"proyectos","status":"publish","type":"page","link":"https:\/\/www.ecopoltech.com\/es\/proyectos\/","title":{"rendered":"Proyectos"},"content":{"rendered":"<div id=\"cs-content\" class=\"cs-content\"><div class=\"x-div e2179-e1 m1oj-0 m1oj-1 m1oj-2\"><div class=\"x-slide-container-viewport is-loading e2179-e2 m1oj-6\" data-x-slide-container=\"{&quot;keyboardNavigation&quot;:true,&quot;startingSlide&quot;:1,&quot;enter&quot;:&quot;fade&quot;,&quot;exit&quot;:&quot;fade&quot;,&quot;swipe&quot;:&quot;&quot;,&quot;stacked&quot;:true}\"><div class=\"x-slide-container-content\"><div class=\"x-slide-container is-stacked\"><div class=\"x-slide e2179-e3 m1oj-7\" data-x-slide=\"\"><div class=\"x-bg\"><div class=\"x-bg-layer-lower-img\"><img decoding=\"async\" src=\"https:\/\/www.ecopoltech.com\/media\/ecopoltech_012-scaled.webp\" alt=\"Image\" loading=\"lazy\"\/><\/div><div class=\"x-bg-layer-upper-custom\" aria-hidden=\"true\"><div class=\"media-pantalla degradation-hero-sliders\"><\/div><\/div><\/div><div class=\"x-div x-container max width e2179-e4 m1oj-0 m1oj-2 m1oj-3 media-pantalla\"><div class=\"x-text x-text-headline e2179-e5 m1oj-8 m1oj-9 m1oj-a\"><div class=\"x-text-content\"><div class=\"x-text-content-text\"><h1 class=\"x-text-content-text-primary\">Proyectos, socios y premios<\/h1>\n<h2 class=\"x-text-content-text-subheadline\">A la vanguardia de la ciencia de pol\u00edmeros y encapsulaci\u00f3n<\/h2><\/div><\/div><\/div><\/div><\/div><\/div><\/div><\/div><\/div><div class=\"x-div e2179-e6 m1oj-2 m1oj-4\"><div class=\"x-text x-text-headline e2179-e7 m1oj-9 m1oj-b\"><div class=\"x-text-content\"><div class=\"x-text-content-text\"><h2 class=\"x-text-content-text-primary\">Proyectos adjudicados<\/h2>\n<\/div><\/div><\/div><div class=\"x-acc e2179-e8 m1oj-d\" id=\"x-acc-e2179-e8\"><div class=\"e2179-e9 x-acc-item\"><button id=\"tab-e2179-e9\" class=\"x-acc-header\" role=\"button\" type=\"button\" aria-expanded=\"false\" aria-controls=\"panel-e2179-e9\" data-x-toggle=\"collapse\" data-x-toggleable=\"e2179-e9\"><span class=\"x-acc-header-content\"><span class=\"x-acc-header-indicator\">&#x25b8;<\/span><span class=\"x-acc-header-text\">Nanotop<\/span><\/span><\/button><div id=\"panel-e2179-e9\" role=\"tabpanel\" aria-hidden=\"true\" aria-labelledby=\"tab-e2179-e9\" data-x-toggleable=\"e2179-e9\" data-x-toggle-collapse=\"1\" class=\"x-collapsed\"><div class=\"x-acc-content\"><span class=\"x-image e2179-e10 m1oj-e m1oj-f\"><img decoding=\"async\" src=\"https:\/\/www.ecopoltech.com\/media\/ecopol-tech-projects-partners-awards_08.webp\" width=\"185\" height=\"55\" alt=\"Image\" loading=\"lazy\"><\/span><hr class=\"x-line e2179-e11 m1oj-h m1oj-i\"\/><div class=\"x-text x-content e2179-e12 m1oj-k m1oj-l\"><ul>\n<li><strong>Nanotop<\/strong> (CDTI, proyecto de colaboraci\u00f3n Innoglobal, 2017-2020)<\/li>\n<li>INNO-20171037 \"APLICACI\u00d3N DE NANOTECNOLOG\u00cdA PARA DOTAR DE NUEVAS FUNCIONALIDADES AL CUERO USADO EN LA INDUSTRIA AUTOMOVIL\u00cdSTICA\"<\/li>\n<li>Presupuesto Ecopol Tech: 480.698,00\u20ac.<\/li>\n<li>Consorcio internacional, 1 PYME y 1 gran empresa (GST Autoleather)<\/li>\n<li>Ecopol Tech participa como l\u00edder<\/li>\n<\/ul><\/div><\/div><\/div><\/div><div class=\"e2179-e13 x-acc-item\"><button id=\"tab-e2179-e13\" class=\"x-acc-header\" role=\"button\" type=\"button\" aria-expanded=\"false\" aria-controls=\"panel-e2179-e13\" data-x-toggle=\"collapse\" data-x-toggleable=\"e2179-e13\"><span class=\"x-acc-header-content\"><span class=\"x-acc-header-indicator\">&#x25b8;<\/span><span class=\"x-acc-header-text\">Duracis<\/span><\/span><\/button><div id=\"panel-e2179-e13\" role=\"tabpanel\" aria-hidden=\"true\" aria-labelledby=\"tab-e2179-e13\" data-x-toggleable=\"e2179-e13\" data-x-toggle-collapse=\"1\" class=\"x-collapsed\"><div class=\"x-acc-content\"><span class=\"x-image e2179-e14 m1oj-e m1oj-f\"><img decoding=\"async\" src=\"https:\/\/www.ecopoltech.com\/media\/ecopol-tech-projects-partners-awards_05.webp\" width=\"174\" height=\"84\" alt=\"Image\" loading=\"lazy\"><\/span><hr class=\"x-line e2179-e15 m1oj-h m1oj-i\"\/><div class=\"x-text x-content e2179-e16 m1oj-k m1oj-l\"><ul>\n \t<li><strong>Duracis<\/strong> (SOLAR-ERA.NET 2017-2020)<\/li>\n \t<li>Convocatorias transnacionales PV4 y CSP4 \"Soluciones avanzadas de encapsulaci\u00f3n global para la estabilidad a largo plazo en la tecnolog\u00eda fotovoltaica industrial flexible Cu(In,Ga)Se2\".<\/li>\n \t<li>Integraci\u00f3n de 5 subproyectos nacionales con la participaci\u00f3n de 4 socios investigadores (acad\u00e9micos) y 6 socios industriales.<\/li>\n \t<li>Ecopol Tech participa como socio.<\/li>\n \t<li>SOLAR-ERA.NET Convocatorias transnacionales PV4 y CSP4<\/li>\n<\/ul><\/div><\/div><\/div><\/div><div class=\"e2179-e17 x-acc-item\"><button id=\"tab-e2179-e17\" class=\"x-acc-header\" role=\"button\" type=\"button\" aria-expanded=\"false\" aria-controls=\"panel-e2179-e17\" data-x-toggle=\"collapse\" data-x-toggleable=\"e2179-e17\"><span class=\"x-acc-header-content\"><span class=\"x-acc-header-indicator\">&#x25b8;<\/span><span class=\"x-acc-header-text\">NeGeCo<\/span><\/span><\/button><div id=\"panel-e2179-e17\" role=\"tabpanel\" aria-hidden=\"true\" aria-labelledby=\"tab-e2179-e17\" data-x-toggleable=\"e2179-e17\" data-x-toggle-collapse=\"1\" class=\"x-collapsed\"><div class=\"x-acc-content\"><span class=\"x-image e2179-e18 m1oj-e m1oj-f\"><img decoding=\"async\" src=\"https:\/\/www.ecopoltech.com\/media\/ecopol-tech-projects-partners-awards_17.webp\" width=\"317\" height=\"42\" alt=\"Image\" loading=\"lazy\"><\/span><hr class=\"x-line e2179-e19 m1oj-h m1oj-i\"\/><div class=\"x-text x-content e2179-e20 m1oj-k m1oj-m\"><ul>\n \t<li><strong>NeGeCo<\/strong> (Nucli I+D Gen Cat, Proyecto de colaboraci\u00f3n, 2016-2019)<\/li>\n \t<li>RD16-1-0009 ''Obtenci\u00f3 d'un recobriment polim\u00e8ric d'altes prestacions nanoestructurat hidrof\u00f3bic i oleof\u00f3bic''<\/li>\n \t<li>Presupuesto Ecopol Tech: 158.367,57\u20ac<\/li>\n \t<li>Consorcio, 3 PYME<\/li>\n<\/ul><\/div><\/div><\/div><\/div><div class=\"e2179-e21 x-acc-item\"><button id=\"tab-e2179-e21\" class=\"x-acc-header\" role=\"button\" type=\"button\" aria-expanded=\"false\" aria-controls=\"panel-e2179-e21\" data-x-toggle=\"collapse\" data-x-toggleable=\"e2179-e21\"><span class=\"x-acc-header-content\"><span class=\"x-acc-header-indicator\">&#x25b8;<\/span><span class=\"x-acc-header-text\">Solertex<\/span><\/span><\/button><div id=\"panel-e2179-e21\" role=\"tabpanel\" aria-hidden=\"true\" aria-labelledby=\"tab-e2179-e21\" data-x-toggleable=\"e2179-e21\" data-x-toggle-collapse=\"1\" class=\"x-collapsed\"><div class=\"x-acc-content\"><span class=\"x-image e2179-e22 m1oj-e m1oj-f\"><img decoding=\"async\" src=\"https:\/\/www.ecopoltech.com\/media\/ecopol-tech-projects-partners-awards_17.webp\" width=\"317\" height=\"42\" alt=\"Image\" loading=\"lazy\"><\/span><hr class=\"x-line e2179-e23 m1oj-h m1oj-i\"\/><div class=\"x-text x-content e2179-e24 m1oj-k m1oj-m\"><ul>\n \t<li><strong>Solertex<\/strong> (Nucli I+D Gen Cat, Proyecto de colaboraci\u00f3n, 2017-2019) RD16-1-0115<\/li>\n \t<li>Recerca i desenvolupament d'un teixit fotovoltaic avan\u00e7at per solucions i aplicacions en exterior''<\/li>\n \t<li>Presupuesto Ecopol Tech::158.367,57\u20ac.<\/li>\n \t<li>Consorcio: 3 PYME y 1 gran empresa (IASO)<\/li>\n<\/ul><\/div><\/div><\/div><\/div><div class=\"e2179-e25 x-acc-item\"><button id=\"tab-e2179-e25\" class=\"x-acc-header\" role=\"button\" type=\"button\" aria-expanded=\"false\" aria-controls=\"panel-e2179-e25\" data-x-toggle=\"collapse\" data-x-toggleable=\"e2179-e25\"><span class=\"x-acc-header-content\"><span class=\"x-acc-header-indicator\">&#x25b8;<\/span><span class=\"x-acc-header-text\">NanoImmuca<\/span><\/span><\/button><div id=\"panel-e2179-e25\" role=\"tabpanel\" aria-hidden=\"true\" aria-labelledby=\"tab-e2179-e25\" data-x-toggleable=\"e2179-e25\" data-x-toggle-collapse=\"1\" class=\"x-collapsed\"><div class=\"x-acc-content\"><span class=\"x-image e2179-e26 m1oj-e m1oj-f\"><img decoding=\"async\" src=\"https:\/\/www.ecopoltech.com\/media\/ecopol-tech-projects-partners-awards_17.webp\" width=\"317\" height=\"42\" alt=\"Image\" loading=\"lazy\"><\/span><hr class=\"x-line e2179-e27 m1oj-h m1oj-i\"\/><div class=\"x-text x-content e2179-e28 m1oj-k m1oj-m\"><ul>\n \t<li><strong>NanoImmuca<\/strong> (Nucli I+D Gen Cat, Proyecto en colaboraci\u00f3n, 2018-2021)<\/li>\n \t<li>RD17-1-0079 \"Potenciaci\u00f3 del sistema immunitari amb un sistema de nanoencapsulaci\u00f3per lluitar contra el melanoma\".<\/li>\n \t<li>Presupuesto: 206.644,82\u20ac.<\/li>\n \t<li>Proyecto individual<\/li>\n<\/ul><\/div><\/div><\/div><\/div><div class=\"e2179-e29 x-acc-item\"><button id=\"tab-e2179-e29\" class=\"x-acc-header\" role=\"button\" type=\"button\" aria-expanded=\"false\" aria-controls=\"panel-e2179-e29\" data-x-toggle=\"collapse\" data-x-toggleable=\"e2179-e29\"><span class=\"x-acc-header-content\"><span class=\"x-acc-header-indicator\">&#x25b8;<\/span><span class=\"x-acc-header-text\">NanoSmart<\/span><\/span><\/button><div id=\"panel-e2179-e29\" role=\"tabpanel\" aria-hidden=\"true\" aria-labelledby=\"tab-e2179-e29\" data-x-toggleable=\"e2179-e29\" data-x-toggle-collapse=\"1\" class=\"x-collapsed\"><div class=\"x-acc-content\"><span class=\"x-image e2179-e30 m1oj-e m1oj-f\"><img decoding=\"async\" src=\"https:\/\/www.ecopoltech.com\/media\/ecopol-tech-projects-partners-awards_17.webp\" width=\"317\" height=\"42\" alt=\"Image\" loading=\"lazy\"><\/span><hr class=\"x-line e2179-e31 m1oj-h m1oj-i\"\/><div class=\"x-text x-content e2179-e32 m1oj-k m1oj-m\"><ul>\n \t<li><strong>NanoSmart<\/strong> (Nucli I+D Gen Cat, Proyecto de colaboraci\u00f3n, 2018-2021)<\/li>\n \t<li>RD17-1-0065 \"Preparaci\u00f3 i aplicaci\u00f3 de nanoc\u00e0psules intel\u00b7ligents i potencialment escalables en ter\u00e0pia de c\u00e0ncer''<\/li>\n \t<li>Presupuesto: 213.880,92\u20ac.<\/li>\n \t<li>Proyecto individual.<\/li>\n<\/ul><\/div><\/div><\/div><\/div><div class=\"e2179-e33 x-acc-item\"><button id=\"tab-e2179-e33\" class=\"x-acc-header\" role=\"button\" type=\"button\" aria-expanded=\"false\" aria-controls=\"panel-e2179-e33\" data-x-toggle=\"collapse\" data-x-toggleable=\"e2179-e33\"><span class=\"x-acc-header-content\"><span class=\"x-acc-header-indicator\">&#x25b8;<\/span><span class=\"x-acc-header-text\">NanoSmartBi<\/span><\/span><\/button><div id=\"panel-e2179-e33\" role=\"tabpanel\" aria-hidden=\"true\" aria-labelledby=\"tab-e2179-e33\" data-x-toggleable=\"e2179-e33\" data-x-toggle-collapse=\"1\" class=\"x-collapsed\"><div class=\"x-acc-content\"><span class=\"x-image e2179-e34 m1oj-e m1oj-g\"><img decoding=\"async\" src=\"https:\/\/www.ecopoltech.com\/media\/ecopol-tech-projects-partners-awards_16.webp\" width=\"198\" height=\"42\" alt=\"Image\" loading=\"lazy\"><\/span><span class=\"x-image e2179-e35 m1oj-e m1oj-f\"><img decoding=\"async\" src=\"https:\/\/www.ecopoltech.com\/media\/ecopol-tech-projects-partners-awards_02.webp\" width=\"244\" height=\"42\" alt=\"Image\" loading=\"lazy\"><\/span><hr class=\"x-line e2179-e36 m1oj-h m1oj-i\"\/><div class=\"x-text x-content e2179-e37 m1oj-k m1oj-m\"><ul>\n \t<li><strong>NanoSmartBi<\/strong> (proyecto de colaboraci\u00f3n Eurostars-interempresas internacionales, 2020-2023)<\/li>\n \t<li>CIIP-20201007 Nanoc\u00e1psulas polim\u00e9ricas biodegradables multifuncionales antibi\u00f3ticas inteligentes para eludir la resistencia bacteriana.<\/li>\n \t<li>Presupuesto 332.496,00\u20ac.<\/li>\n \t<li>Ecopol Tech participa como l\u00edder.<\/li>\n \t<li>Consorcio internacional, 2 PYME<\/li>\n<\/ul><\/div><\/div><\/div><\/div><div class=\"e2179-e38 x-acc-item\"><button id=\"tab-e2179-e38\" class=\"x-acc-header\" role=\"button\" type=\"button\" aria-expanded=\"false\" aria-controls=\"panel-e2179-e38\" data-x-toggle=\"collapse\" data-x-toggleable=\"e2179-e38\"><span class=\"x-acc-header-content\"><span class=\"x-acc-header-indicator\">&#x25b8;<\/span><span class=\"x-acc-header-text\">PoBeCo<\/span><\/span><\/button><div id=\"panel-e2179-e38\" role=\"tabpanel\" aria-hidden=\"true\" aria-labelledby=\"tab-e2179-e38\" data-x-toggleable=\"e2179-e38\" data-x-toggle-collapse=\"1\" class=\"x-collapsed\"><div class=\"x-acc-content\"><span class=\"x-image e2179-e39 m1oj-e m1oj-f\"><img decoding=\"async\" src=\"https:\/\/www.ecopoltech.com\/media\/ecopol-tech-projects-partners-awards_16.webp\" width=\"198\" height=\"42\" alt=\"Image\" loading=\"lazy\"><\/span><hr class=\"x-line e2179-e40 m1oj-h m1oj-i\"\/><div class=\"x-text x-content e2179-e41 m1oj-k m1oj-m\"><ul>\n \t<li><strong>PoBeCo<\/strong> (proyecto Eurostars I+D -Interempresas internacional Collaborative project, 2017-2020 ), E! 10857 PoBeCo. <\/li>\n \t<li>Nueva tecnolog\u00eda de lavado dom\u00e9stico con perlas polim\u00e9ricas ecol\u00f3gicas (Eurostars 2017-2020)<\/li>\n \t<li>Presupuesto: 537.106,00\u20ac<\/li>\n \t<li>Ecopol Tech participa como l\u00edder.<\/li>\n \t<li>Consorcio internacional, 1 PYME y 1 gran empresa (Ar\u00e7elik)<\/li>\n<\/ul><\/div><\/div><\/div><\/div><div class=\"e2179-e42 x-acc-item\"><button id=\"tab-e2179-e42\" class=\"x-acc-header\" role=\"button\" type=\"button\" aria-expanded=\"false\" aria-controls=\"panel-e2179-e42\" data-x-toggle=\"collapse\" data-x-toggleable=\"e2179-e42\"><span class=\"x-acc-header-content\"><span class=\"x-acc-header-indicator\">&#x25b8;<\/span><span class=\"x-acc-header-text\">Certificaci\u00f3n de productos<\/span><\/span><\/button><div id=\"panel-e2179-e42\" role=\"tabpanel\" aria-hidden=\"true\" aria-labelledby=\"tab-e2179-e42\" data-x-toggleable=\"e2179-e42\" data-x-toggle-collapse=\"1\" class=\"x-collapsed\"><div class=\"x-acc-content\"><span class=\"x-image e2179-e43 m1oj-e m1oj-f\"><img decoding=\"async\" src=\"https:\/\/www.ecopoltech.com\/media\/ecopol-tech-projects-partners-awards_01.webp\" width=\"335\" height=\"92\" alt=\"Image\" loading=\"lazy\"><\/span><hr class=\"x-line e2179-e44 m1oj-h m1oj-i\"\/><div class=\"x-text x-content e2179-e45 m1oj-k m1oj-m\"><ul>\n \t<li>Apoyo a la certificaci\u00f3n de nuestros productos gracias a la ayuda de la C\u00e1mara de Comercio de Espa\u00f1a a trav\u00e9s de su programa de Mentoring y Apoyo a la Internacionalizaci\u00f3n, financiado por la Uni\u00f3n Europea - NextGeneration EU. #PlanDeRecuperaci\u00f3n<\/li>\n<\/ul><\/div><\/div><\/div><\/div><div class=\"e2179-e46 x-acc-item\"><button id=\"tab-e2179-e46\" class=\"x-acc-header\" role=\"button\" type=\"button\" aria-expanded=\"false\" aria-controls=\"panel-e2179-e46\" data-x-toggle=\"collapse\" data-x-toggleable=\"e2179-e46\"><span class=\"x-acc-header-content\"><span class=\"x-acc-header-indicator\">&#x25b8;<\/span><span class=\"x-acc-header-text\">FOTOCER<\/span><\/span><\/button><div id=\"panel-e2179-e46\" role=\"tabpanel\" aria-hidden=\"true\" aria-labelledby=\"tab-e2179-e46\" data-x-toggleable=\"e2179-e46\" data-x-toggle-collapse=\"1\" class=\"x-collapsed\"><div class=\"x-acc-content\"><span class=\"x-image e2179-e47 m1oj-e m1oj-f\"><img decoding=\"async\" src=\"https:\/\/www.ecopoltech.com\/media\/ecopol-tech-projects-partners-awards_20.webp\" width=\"357\" height=\"42\" alt=\"FOTOCER (Misiones CDTI Collaborative Project) 2021-2024 EXP - 00146339 \/ MIG-20211047\" loading=\"lazy\"><\/span><hr class=\"x-line e2179-e48 m1oj-h m1oj-i\"\/><div class=\"x-text x-content e2179-e49 m1oj-k m1oj-m\"><ul>\n<li>\n<p>FOTOCER (Proyecto de colaboraci\u00f3n CDTI Misiones) 2021-2024 EXP - 00146339 \/ MIG-20211047<\/p>\n<\/li>\n<li>\n<p>T\u00edtulo del proyecto ACABADOS FOTOVOLT\u00c1ICOS TRANSPARENTES PARA LA OBTENCI\u00d3N DE ENERG\u00cdA SEGURA, EFICIENTE Y LIMPIA A TRAV\u00c9S DE LA ENVOLVENTE DE LOS EDIFICIOS<\/p>\n<\/li>\n<li>\n<p>Presupuesto total del proyecto: 5.138.203,00 euros<\/p>\n<\/li>\n<li>\n<p>Ecopol Presupuesto: 450.201,00 euros<\/p>\n<\/li>\n<li>\n<p>Composici\u00f3n del consorcio: Consorcio espa\u00f1ol: 7 PYME y 1 Gran Empresa<\/p>\n<\/li>\n<\/ul><\/div><\/div><\/div><\/div><\/div><\/div><div class=\"x-section e2179-e50 m1oj-n m1oj-o\"><div class=\"x-row x-container max width e2179-e51 m1oj-q m1oj-r m1oj-t m1oj-u\" id=\"associations\"><div class=\"x-row-inner\"><div class=\"x-col e2179-e52 m1oj-w m1oj-x\" id=\"awards\"><div class=\"x-text x-text-headline e2179-e53 m1oj-9 m1oj-b\"><div class=\"x-text-content\"><div class=\"x-text-content-text\"><h2 class=\"x-text-content-text-primary\">Premios a la innovaci\u00f3n<\/h2>\n<\/div><\/div><\/div><div class=\"x-grid x-container max width e2179-e54 m1oj-13 m1oj-14\"><div class=\"x-cell e2179-e55 m1oj-16 ppa-cell\"><div class=\"x-bg\"><div class=\"x-bg-layer-lower-img\"><img decoding=\"async\" src=\"https:\/\/www.ecopoltech.com\/media\/ecopol-tech-projects-partners-awards_12.webp\" alt=\"Premios a la innovaci\u00f3n - Sello de Excelencia de la Comisi\u00f3n Europea\" loading=\"lazy\"\/><\/div><\/div><\/div><div class=\"x-cell e2179-e56 m1oj-16 ppa-cell\"><div class=\"x-bg\"><div class=\"x-bg-layer-lower-img\"><img decoding=\"async\" src=\"https:\/\/www.ecopoltech.com\/media\/ecopol-tech-projects-partners-awards_19.webp\" alt=\"Image\" loading=\"lazy\"\/><\/div><\/div><\/div><\/div><\/div><div class=\"x-col e2179-e57 m1oj-w m1oj-x\" id=\"associations\"><div class=\"x-text x-text-headline e2179-e58 m1oj-9 m1oj-b\"><div class=\"x-text-content\"><div class=\"x-text-content-text\"><h2 class=\"x-text-content-text-primary\">Asociaciones<\/h2>\n<\/div><\/div><\/div><div class=\"x-grid x-container max width e2179-e59 m1oj-13 m1oj-15\"><div class=\"x-cell e2179-e60 m1oj-16 ppa-cell\"><div class=\"x-bg\"><div class=\"x-bg-layer-lower-img\"><img decoding=\"async\" src=\"https:\/\/www.ecopoltech.com\/media\/ecopol-tech-projects-partners-awards_14.webp\" alt=\"Image\" loading=\"lazy\"\/><\/div><\/div><\/div><div class=\"x-cell e2179-e61 m1oj-16 ppa-cell\"><div class=\"x-bg\"><div class=\"x-bg-layer-lower-img\"><img decoding=\"async\" src=\"https:\/\/www.ecopoltech.com\/media\/nanohub-cluster-mav.png\" alt=\"Image\" loading=\"lazy\"\/><\/div><\/div><\/div><div class=\"x-cell e2179-e62 m1oj-16 ppa-cell\"><div class=\"x-bg\"><div class=\"x-bg-layer-lower-img\"><img decoding=\"async\" src=\"https:\/\/www.ecopoltech.com\/media\/ecopol-tech-projects-partners-awards_15.webp\" alt=\"Image\" loading=\"lazy\"\/><\/div><\/div><\/div><\/div><\/div><div class=\"x-col x-hide-lg x-hide-md x-hide-sm x-hide-xl x-hide-xs e2179-e63 m1oj-w m1oj-x\" id=\"partners\"><div class=\"x-text x-text-headline e2179-e64 m1oj-9 m1oj-b\"><div class=\"x-text-content\"><div class=\"x-text-content-text\"><h2 class=\"x-text-content-text-primary\">Socios<\/h2>\n<\/div><\/div><\/div><div class=\"x-grid x-container max width e2179-e65 m1oj-13 m1oj-15\"><div class=\"x-cell e2179-e66 m1oj-16 ppa-cell\"><div class=\"x-bg\"><div class=\"x-bg-layer-lower-img\"><img decoding=\"async\" src=\"https:\/\/www.ecopoltech.com\/media\/ecopol-tech-projects-partners-awards_13.webp\" alt=\"Image\" loading=\"lazy\"\/><\/div><\/div><\/div><div class=\"x-cell e2179-e67 m1oj-16 ppa-cell\"><div class=\"x-bg\"><div class=\"x-bg-layer-lower-img\"><img decoding=\"async\" src=\"https:\/\/www.ecopoltech.com\/media\/ecopol-tech-projects-partners-awards_03.webp\" alt=\"Image\" loading=\"lazy\"\/><\/div><\/div><\/div><div class=\"x-cell e2179-e68 m1oj-16 ppa-cell\"><div class=\"x-bg\"><div class=\"x-bg-layer-lower-img\"><img decoding=\"async\" src=\"https:\/\/www.ecopoltech.com\/media\/ecopol-tech-projects-partners-awards_10.webp\" alt=\"Image\" loading=\"lazy\"\/><\/div><\/div><\/div><div class=\"x-cell e2179-e69 m1oj-16 ppa-cell\"><div class=\"x-bg\"><div class=\"x-bg-layer-lower-img\"><img decoding=\"async\" src=\"https:\/\/www.ecopoltech.com\/media\/ecopol-tech-projects-partners-awards_06.webp\" alt=\"Image\" loading=\"lazy\"\/><\/div><\/div><\/div><div class=\"x-cell e2179-e70 m1oj-16 ppa-cell\"><div class=\"x-bg\"><div class=\"x-bg-layer-lower-img\"><img decoding=\"async\" src=\"https:\/\/www.ecopoltech.com\/media\/ecopol-tech-projects-partners-awards_07.webp\" alt=\"Image\" loading=\"lazy\"\/><\/div><\/div><\/div><div class=\"x-cell e2179-e71 m1oj-16 ppa-cell\"><div class=\"x-bg\"><div class=\"x-bg-layer-lower-img\"><img decoding=\"async\" src=\"https:\/\/www.ecopoltech.com\/media\/ecopol-tech-projects-partners-awards_04.webp\" alt=\"Image\" loading=\"lazy\"\/><\/div><\/div><\/div><div class=\"x-cell e2179-e72 m1oj-16 ppa-cell\"><div class=\"x-bg\"><div class=\"x-bg-layer-lower-img\"><img decoding=\"async\" src=\"https:\/\/www.ecopoltech.com\/media\/ecopol-tech-projects-partners-awards_09.webp\" alt=\"Image\" loading=\"lazy\"\/><\/div><\/div><\/div><div class=\"x-cell e2179-e73 m1oj-16 ppa-cell\"><div class=\"x-bg\"><div class=\"x-bg-layer-lower-img\"><img decoding=\"async\" src=\"https:\/\/www.ecopoltech.com\/media\/ecopol-tech-projects-partners-awards_11.webp\" alt=\"Image\" loading=\"lazy\"\/><\/div><\/div><\/div><\/div><\/div><\/div><\/div><\/div><section class=\"x-section e2179-e74-v0 m1oj-o m1oj-p\"><div class=\"x-row x-container max width e2179-e74-v1 m1oj-q m1oj-s m1oj-t m1oj-v\"><div class=\"x-row-inner\"><figure class=\"x-col e2179-e74-v2 m1oj-w m1oj-y m1oj-z m1oj-10 m1oj-5 biz-branch-cols\" data-x-effect-provider=\"colors particles effects\" data-x-effect=\"{&quot;animationAlt&quot;:&quot;pulse&quot;}\"><div class=\"x-bg\"><div class=\"x-bg-layer-lower-img\"><img decoding=\"async\" src=\"https:\/\/www.ecopoltech.com\/media\/ecopoltech_042.webp\" srcset=\"https:\/\/www.ecopoltech.com\/media\/ecopoltech_042.webp 359w, https:\/\/www.ecopoltech.com\/media\/ecopoltech_042-100x100.webp 100w\" sizes=\"(max-width: 359px) 100vw, 359px\" alt=\"Image\" loading=\"lazy\"\/><\/div><div class=\"x-bg-layer-upper-color\" aria-hidden=\"true\"><\/div><\/div><div class=\"x-text x-text-headline e2179-e74-v3 m1oj-8 m1oj-9 m1oj-c\"><div class=\"x-text-content\"><div class=\"x-text-content-text\"><h3 class=\"x-text-content-text-primary\">Tecnolog\u00edas de Encapsulaci\u00f3n<\/h3>\n<h5 class=\"x-text-content-text-subheadline\">Protege tus ingredientes con nuestras c\u00e1psulas polim\u00e9ricas biodegradables<\/h5><\/div><\/div><\/div><\/figure><figure class=\"x-col e2179-e74-v4 m1oj-w m1oj-y m1oj-11 m1oj-5 biz-branch-cols\" data-x-effect-provider=\"colors particles effects\" data-x-effect=\"{&quot;animationAlt&quot;:&quot;pulse&quot;}\"><div class=\"x-bg\"><div class=\"x-bg-layer-lower-img\"><img decoding=\"async\" src=\"https:\/\/www.ecopoltech.com\/media\/reaction-equipment-advanced-polymers-512x341.webp\" srcset=\"https:\/\/www.ecopoltech.com\/media\/reaction-equipment-advanced-polymers-512x341.webp 512w, https:\/\/www.ecopoltech.com\/media\/reaction-equipment-advanced-polymers-1200x800.webp 1200w, https:\/\/www.ecopoltech.com\/media\/reaction-equipment-advanced-polymers-1536x1024.webp 1536w, https:\/\/www.ecopoltech.com\/media\/reaction-equipment-advanced-polymers-768x512.webp 768w, https:\/\/www.ecopoltech.com\/media\/reaction-equipment-advanced-polymers-2048x1366.webp 2048w, https:\/\/www.ecopoltech.com\/media\/reaction-equipment-advanced-polymers-100x67.webp 100w, https:\/\/www.ecopoltech.com\/media\/reaction-equipment-advanced-polymers-1920x1280.webp 1920w\" sizes=\"(max-width: 512px) 100vw, 512px\" alt=\"Image\" loading=\"lazy\"\/><\/div><div class=\"x-bg-layer-upper-color\" aria-hidden=\"true\"><\/div><\/div><div class=\"x-text x-text-headline e2179-e74-v5 m1oj-8 m1oj-9 m1oj-c\"><div class=\"x-text-content\"><div class=\"x-text-content-text\"><h3 class=\"x-text-content-text-primary\">Pol\u00edmeros Avanzados<\/h3>\n<h5 class=\"x-text-content-text-subheadline\">Soluciones innovadoras para revolucionar la industria de los pol\u00edmeros<\/h5><\/div><\/div><\/div><\/figure><a class=\"x-col e2179-e74-v6 m1oj-w m1oj-y m1oj-10 m1oj-12 m1oj-5 biz-branch-cols\" href=\"\/es\/servicios\/\" data-x-effect-provider=\"colors particles effects\" data-x-effect=\"{&quot;animationAlt&quot;:&quot;pulse&quot;}\"><div class=\"x-bg\"><div class=\"x-bg-layer-lower-img\"><img decoding=\"async\" src=\"https:\/\/www.ecopoltech.com\/media\/ecopoltech_004-1200x801.webp\" srcset=\"https:\/\/www.ecopoltech.com\/media\/ecopoltech_004-1200x801.webp 1200w, https:\/\/www.ecopoltech.com\/media\/ecopoltech_004-1536x1026.webp 1536w, https:\/\/www.ecopoltech.com\/media\/ecopoltech_004-512x342.webp 512w, https:\/\/www.ecopoltech.com\/media\/ecopoltech_004-768x513.webp 768w, https:\/\/www.ecopoltech.com\/media\/ecopoltech_004-2048x1367.webp 2048w, https:\/\/www.ecopoltech.com\/media\/ecopoltech_004-100x67.webp 100w\" sizes=\"(max-width: 1200px) 100vw, 1200px\" alt=\"Servicios de Ecopol Tech\" loading=\"lazy\"\/><\/div><div class=\"x-bg-layer-upper-color\" aria-hidden=\"true\"><\/div><\/div><div class=\"x-text x-text-headline e2179-e74-v7 m1oj-8 m1oj-9 m1oj-c\"><div class=\"x-text-content\"><div class=\"x-text-content-text\"><h3 class=\"x-text-content-text-primary\">Servicios<\/h3>\n<h5 class=\"x-text-content-text-subheadline\">Descubre como nuestros expertos pueden ayudarte.<\/h5><\/div><\/div><\/div><\/a><\/div><\/div><\/section><hr class=\"x-line e2179-e75 m1oj-i m1oj-j\"\/><\/div>","protected":false},"excerpt":{"rendered":"<p>Proyectos, socios y premios A la vanguardia de la ciencia de pol\u00edmeros y encapsulaci\u00f3nProyectos adjudicados &#x25b8;Nanotop Nanotop (CDTI, proyecto de colaboraci\u00f3n Innoglobal, 2017-2020) INNO-20171037 \u00abAPLICACI\u00d3N DE NANOTECNOLOG\u00cdA PARA DOTAR DE NUEVAS FUNCIONALIDADES AL CUERO USADO EN LA INDUSTRIA AUTOMOVIL\u00cdSTICA\u00bb Presupuesto Ecopol Tech: 480.698,00\u20ac. Consorcio internacional, 1 PYME y 1 gran empresa (GST Autoleather) Ecopol Tech participa como l\u00edder &#x25b8;Duracis Duracis &#8230; <\/p>\n<div><a href=\"https:\/\/www.ecopoltech.com\/es\/proyectos\/\" class=\"more-link\">Read More<\/a><\/div>\n","protected":false},"author":1,"featured_media":0,"parent":0,"menu_order":0,"comment_status":"closed","ping_status":"closed","template":"template-blank-4.php","meta":{"_acf_changed":false,"footnotes":""},"class_list":["post-2179","page","type-page","status-publish","hentry","no-post-thumbnail"],"acf":[],"_links":{"self":[{"href":"https:\/\/www.ecopoltech.com\/es\/wp-json\/wp\/v2\/pages\/2179","targetHints":{"allow":["GET"]}}],"collection":[{"href":"https:\/\/www.ecopoltech.com\/es\/wp-json\/wp\/v2\/pages"}],"about":[{"href":"https:\/\/www.ecopoltech.com\/es\/wp-json\/wp\/v2\/types\/page"}],"author":[{"embeddable":true,"href":"https:\/\/www.ecopoltech.com\/es\/wp-json\/wp\/v2\/users\/1"}],"replies":[{"embeddable":true,"href":"https:\/\/www.ecopoltech.com\/es\/wp-json\/wp\/v2\/comments?post=2179"}],"version-history":[{"count":2,"href":"https:\/\/www.ecopoltech.com\/es\/wp-json\/wp\/v2\/pages\/2179\/revisions"}],"predecessor-version":[{"id":3035,"href":"https:\/\/www.ecopoltech.com\/es\/wp-json\/wp\/v2\/pages\/2179\/revisions\/3035"}],"wp:attachment":[{"href":"https:\/\/www.ecopoltech.com\/es\/wp-json\/wp\/v2\/media?parent=2179"}],"curies":[{"name":"wp","href":"https:\/\/api.w.org\/{rel}","templated":true}]}}