{"id":2173,"date":"2025-02-14T08:39:43","date_gmt":"2025-02-14T07:39:43","guid":{"rendered":"https:\/\/ecopolstaging.c.wetopi.com\/?page_id=2173"},"modified":"2026-04-26T10:08:00","modified_gmt":"2026-04-26T08:08:00","slug":"solicitud-de-catalogo","status":"publish","type":"page","link":"https:\/\/www.ecopoltech.com\/es\/solicitud-de-catalogo\/","title":{"rendered":"Solicitud de cat\u00e1logo"},"content":{"rendered":"<div id=\"cs-content\" class=\"cs-content\"><div class=\"x-div e2173-e1 m1od-0 media-pantalla\"><div class=\"x-slide-container-viewport is-loading e2173-e2 m1od-1 media-pantalla\" data-x-slide-container=\"{&quot;keyboardNavigation&quot;:true,&quot;startingSlide&quot;:1,&quot;enter&quot;:&quot;fade&quot;,&quot;exit&quot;:&quot;fade&quot;,&quot;swipe&quot;:&quot;&quot;,&quot;stacked&quot;:true}\"><div class=\"x-slide-container-content\"><div class=\"x-slide-container is-stacked\"><div class=\"x-slide e2173-e3 m1od-2 media-pantalla\" data-x-slide=\"\"><div class=\"x-bg\"><div class=\"x-bg-layer-lower-img\"><img decoding=\"async\" src=\"https:\/\/www.ecopoltech.com\/media\/ecopoltech_014.webp\" alt=\"Image\" loading=\"lazy\"\/><\/div><div class=\"x-bg-layer-upper-custom\" aria-hidden=\"true\"><div class=\"pantalla-completa-topbar degradation-hero-sliders\"><\/div><\/div><\/div><div class=\"x-text x-text-headline e2173-e4 m1od-3 m1od-4\"><div class=\"x-text-content\"><div class=\"x-text-content-text\"><h1 class=\"x-text-content-text-primary\">solicitud de cat\u00e1logo<\/h1>\n<\/div><\/div><\/div><\/div><\/div><\/div><\/div><\/div><section class=\"x-section e2173-e5 m1od-6 pantalla-completa-topbar\" id=\"contact-form\"><div class=\"x-row e2173-e6 m1od-7 m1od-8\"><div class=\"x-row-inner\"><div class=\"x-col e2173-e7 m1od-9\"><div class=\"x-grid e2173-e8 m1od-a\"><fieldset class=\"x-cell e2173-e9 m1od-b\"><div class=\"x-text x-text-headline e2173-e10 m1od-4 m1od-5\"><div class=\"x-text-content\"><div class=\"x-text-content-text\"><h2 class=\"x-text-content-text-primary\">Seleccione una categor\u00eda en el siguiente formulario<\/h2>\n<span class=\"x-text-content-text-subheadline\">Thank you for your interest<\/span><\/div><\/div><\/div><div class=\"x-form-integration x-form-integration-contact-form-7 e2173-e11 m1od-c\">\n<div class=\"wpcf7 no-js\" id=\"wpcf7-f2169-o1\" lang=\"es-ES\" dir=\"ltr\" data-wpcf7-id=\"2169\">\n<div class=\"screen-reader-response\"><p role=\"status\" aria-live=\"polite\" aria-atomic=\"true\"><\/p> <ul><\/ul><\/div>\n<form action=\"\/es\/wp-json\/wp\/v2\/pages\/2173#wpcf7-f2169-o1\" method=\"post\" class=\"wpcf7-form init\" aria-label=\"Formulario de contacto\" novalidate=\"novalidate\" data-status=\"init\">\n<fieldset class=\"hidden-fields-container\"><input type=\"hidden\" name=\"_wpcf7\" value=\"2169\" \/><input type=\"hidden\" name=\"_wpcf7_version\" value=\"6.1.5\" \/><input type=\"hidden\" name=\"_wpcf7_locale\" value=\"es_ES\" \/><input type=\"hidden\" name=\"_wpcf7_unit_tag\" value=\"wpcf7-f2169-o1\" \/><input type=\"hidden\" name=\"_wpcf7_container_post\" value=\"0\" \/><input type=\"hidden\" name=\"_wpcf7_posted_data_hash\" value=\"\" \/>\n<\/fieldset>\n<div class=\"wpcf7-turnstile cf-turnstile\" data-sitekey=\"0x4AAAAAAAFugFMSy0h6Gbv6\" data-response-field-name=\"_wpcf7_turnstile_response\"><\/div>\n\n<p><label> Nombre <span class=\"wpcf7-form-control-wrap\" data-name=\"your-name\"><input size=\"40\" maxlength=\"400\" class=\"wpcf7-form-control wpcf7-text wpcf7-validates-as-required\" autocomplete=\"name\" aria-required=\"true\" aria-invalid=\"false\" value=\"\" type=\"text\" name=\"your-name\" \/><\/span> <\/label><br \/>\n<label> Correo electr\u00f3nico <span class=\"wpcf7-form-control-wrap\" data-name=\"your-email\"><input size=\"40\" maxlength=\"400\" class=\"wpcf7-form-control wpcf7-email wpcf7-validates-as-required wpcf7-text wpcf7-validates-as-email\" autocomplete=\"email\" aria-required=\"true\" aria-invalid=\"false\" value=\"\" type=\"email\" name=\"your-email\" \/><\/span> <\/label><br \/>\n<label> Empresa <span class=\"wpcf7-form-control-wrap\" data-name=\"your-company\"><input size=\"40\" maxlength=\"400\" class=\"wpcf7-form-control wpcf7-text wpcf7-validates-as-required\" aria-required=\"true\" aria-invalid=\"false\" value=\"\" type=\"text\" name=\"your-company\" \/><\/span> <\/label><br \/>\n<label> P\u00e1gina web* <span class=\"wpcf7-form-control-wrap\" data-name=\"your-url\"><input size=\"40\" maxlength=\"400\" class=\"wpcf7-form-control wpcf7-url wpcf7-validates-as-required wpcf7-text wpcf7-validates-as-url\" aria-required=\"true\" aria-invalid=\"false\" value=\"\" type=\"url\" name=\"your-url\" \/><\/span> <\/label><br \/>\n<label> Pa\u00eds <span class=\"wpcf7-form-control-wrap\" data-name=\"your-country\"><input size=\"40\" maxlength=\"400\" class=\"wpcf7-form-control wpcf7-text wpcf7-validates-as-required\" aria-required=\"true\" aria-invalid=\"false\" value=\"\" type=\"text\" name=\"your-country\" \/><\/span> <\/label><br \/>\n<label> Solicitar cat\u00e1logo <span class=\"wpcf7-form-control-wrap\" data-name=\"catalog\"><select class=\"wpcf7-form-control wpcf7-select wpcf7-validates-as-required\" aria-required=\"true\" aria-invalid=\"false\" name=\"catalog\"><option value=\"\">Seleccione un cat\u00e1logo<\/option><option value=\"Adhesivos\">Adhesivos<\/option><option value=\"Construcci\u00f3n\">Construcci\u00f3n<\/option><option value=\"- Edificaci\u00f3n\">- Edificaci\u00f3n<\/option><option value=\"- Espuma y resina\">- Espuma y resina<\/option><option value=\"- Aglutinantes del suelo\">- Aglutinantes del suelo<\/option><option value=\"Activos encapsulados\">Activos encapsulados<\/option><option value=\"- Retinoides\">- Retinoides<\/option><option value=\"- Aceites naturales\">- Aceites naturales<\/option><option value=\"- Otros Activos\">- Otros Activos<\/option><option value=\"Pol\u00edmeros formadores de pel\u00edcula\">Pol\u00edmeros formadores de pel\u00edcula<\/option><option value=\"- Cosm\u00e9ticos de color y esmaltes de u\u00f1as\">- Cosm\u00e9ticos de color y esmaltes de u\u00f1as<\/option><option value=\"- Cuidado del cabello\">- Cuidado del cabello<\/option><option value=\"- Cuidado de la piel\">- Cuidado de la piel<\/option><option value=\"- Protecci\u00f3n solar\">- Protecci\u00f3n solar<\/option><option value=\"Lavander\u00eda\">Lavander\u00eda<\/option><option value=\"Cuero\">Cuero<\/option><option value=\"- Capa base\">- Capa base<\/option><option value=\"- Finalizadores\">- Finalizadores<\/option><option value=\"Productos farmac\u00e9uticos\">Productos farmac\u00e9uticos<\/option><option value=\"Textil\">Textil<\/option><option value=\"- Capa superior\">- Capa superior<\/option><option value=\"- Capa base Textil\">- Capa base Textil<\/option><option value=\"- Marcas de agua\">- Marcas de agua<\/option><option value=\"- Microc\u00e1psulas para el cuidado del hogar\">- Microc\u00e1psulas para el cuidado del hogar<\/option><\/select><\/span> <\/label><br \/>\n<label> Asunto <span class=\"wpcf7-form-control-wrap\" data-name=\"your-subject\"><input size=\"40\" maxlength=\"400\" class=\"wpcf7-form-control wpcf7-text\" aria-invalid=\"false\" value=\"\" type=\"text\" name=\"your-subject\" \/><\/span> <\/label><br \/>\n<label> Mensaje <span class=\"wpcf7-form-control-wrap\" data-name=\"your-message\"><textarea cols=\"10\" rows=\"4\" maxlength=\"2000\" class=\"wpcf7-form-control wpcf7-textarea wpcf7-validates-as-required\" aria-required=\"true\" aria-invalid=\"false\" name=\"your-message\"><\/textarea><\/span> <\/label>\n<\/p>\n<div class=\"personal-data-protection\">\n\t<p><b>Protecci\u00f3n de datos personales<\/b>\n\t<\/p>\n\t<p>Utilizaremos sus datos para responder a consultas, enviar cat\u00e1logos y\/o presupuestos y realizar an\u00e1lisis estad\u00edsticos. Para m\u00e1s informaci\u00f3n sobre el tratamiento y sus derechos, consulte la <a href=\"\/es\/politica-de-privacidad\/\" rel=\"nofollow\" target=\"_blank\">Pol\u00edtica de privacidad<\/a>.\n\t<\/p>\n<\/div>\n<div class=\"form-acceptance-edit\">\n\t<p><span class=\"wpcf7-form-control-wrap\" data-name=\"acceptance-481\"><span class=\"wpcf7-form-control wpcf7-acceptance\"><span class=\"wpcf7-list-item\"><label><input type=\"checkbox\" name=\"acceptance-481\" value=\"1\" aria-invalid=\"false\" \/><span class=\"wpcf7-list-item-label\">\u00a0\u00a0  He le\u00eddo y acepto la <a href=\"\/es\/politica-de-privacidad\/\" rel=\"nofollow\" target=\"_blank\">Pol\u00edtica de privacidad<\/a>.<\/span><\/label><\/span><\/span><\/span>\n\t<\/p>\n<\/div>\n<p><input class=\"wpcf7-form-control wpcf7-submit has-spinner\" type=\"submit\" value=\"Enviar\" \/>\n<\/p><div class=\"wpcf7-response-output\" aria-hidden=\"true\"><\/div>\n<\/form>\n<\/div>\n<\/div><\/fieldset><\/div><\/div><\/div><\/div><\/section><\/div>","protected":false},"excerpt":{"rendered":"<p>solicitud de cat\u00e1logo Seleccione una categor\u00eda en el siguiente formulario Thank you for your interest Nombre Correo electr\u00f3nico Empresa P\u00e1gina web* Pa\u00eds Solicitar cat\u00e1logo Seleccione un cat\u00e1logoAdhesivosConstrucci\u00f3n- Edificaci\u00f3n- Espuma y resina- Aglutinantes del sueloActivos encapsulados- Retinoides- Aceites naturales- Otros ActivosPol\u00edmeros formadores de pel\u00edcula- Cosm\u00e9ticos de color y esmaltes de u\u00f1as- Cuidado del cabello- Cuidado de la piel- Protecci\u00f3n solarLavander\u00edaCuero- Capa &#8230; <\/p>\n<div><a href=\"https:\/\/www.ecopoltech.com\/es\/solicitud-de-catalogo\/\" class=\"more-link\">Read More<\/a><\/div>\n","protected":false},"author":1,"featured_media":0,"parent":0,"menu_order":0,"comment_status":"closed","ping_status":"closed","template":"template-blank-4.php","meta":{"_acf_changed":false,"footnotes":""},"class_list":["post-2173","page","type-page","status-publish","hentry","no-post-thumbnail"],"acf":[],"_links":{"self":[{"href":"https:\/\/www.ecopoltech.com\/es\/wp-json\/wp\/v2\/pages\/2173","targetHints":{"allow":["GET"]}}],"collection":[{"href":"https:\/\/www.ecopoltech.com\/es\/wp-json\/wp\/v2\/pages"}],"about":[{"href":"https:\/\/www.ecopoltech.com\/es\/wp-json\/wp\/v2\/types\/page"}],"author":[{"embeddable":true,"href":"https:\/\/www.ecopoltech.com\/es\/wp-json\/wp\/v2\/users\/1"}],"replies":[{"embeddable":true,"href":"https:\/\/www.ecopoltech.com\/es\/wp-json\/wp\/v2\/comments?post=2173"}],"version-history":[{"count":2,"href":"https:\/\/www.ecopoltech.com\/es\/wp-json\/wp\/v2\/pages\/2173\/revisions"}],"predecessor-version":[{"id":2903,"href":"https:\/\/www.ecopoltech.com\/es\/wp-json\/wp\/v2\/pages\/2173\/revisions\/2903"}],"wp:attachment":[{"href":"https:\/\/www.ecopoltech.com\/es\/wp-json\/wp\/v2\/media?parent=2173"}],"curies":[{"name":"wp","href":"https:\/\/api.w.org\/{rel}","templated":true}]}}