{"id":2167,"date":"2024-11-05T13:41:14","date_gmt":"2024-11-05T12:41:14","guid":{"rendered":"https:\/\/ecopolstaging.c.wetopi.com\/?page_id=2167"},"modified":"2026-04-24T17:47:07","modified_gmt":"2026-04-24T15:47:07","slug":"blog","status":"publish","type":"page","link":"https:\/\/www.ecopoltech.com\/es\/blog\/","title":{"rendered":"Blog"},"content":{"rendered":"<div id=\"cs-content\" class=\"cs-content\"><div class=\"x-div x-container max width e2167-e1 m1o7-0 m1o7-1 pantalla-completa-emptypage\"><div class=\"x-text x-text-headline e2167-e2 m1o7-3 m1o7-4 m1o7-5 m1o7-6\"><div class=\"x-text-content\"><div class=\"x-text-content-text\"><h1 class=\"x-text-content-text-primary\"><span class=\"green-text\">Noticias y contenidos de<\/span> Ecopol Tech<\/h1>\n<h4 class=\"x-text-content-text-subheadline\">Nuestro Blog estar\u00e1 listo pronto, suscr\u00edbete para recibir nuestras publicaciones directamente en tu buz\u00f3n.<\/h4><\/div><\/div><\/div><\/div><\/div>","protected":false},"excerpt":{"rendered":"<p>Noticias y contenidos de Ecopol Tech Nuestro Blog estar\u00e1 listo pronto, suscr\u00edbete para recibir nuestras publicaciones directamente en tu buz\u00f3n.<\/p>\n","protected":false},"author":1,"featured_media":2110,"parent":0,"menu_order":0,"comment_status":"closed","ping_status":"closed","template":"template-blank-4.php","meta":{"_acf_changed":false,"footnotes":""},"class_list":["post-2167","page","type-page","status-publish","has-post-thumbnail","hentry"],"acf":[],"_links":{"self":[{"href":"https:\/\/www.ecopoltech.com\/es\/wp-json\/wp\/v2\/pages\/2167","targetHints":{"allow":["GET"]}}],"collection":[{"href":"https:\/\/www.ecopoltech.com\/es\/wp-json\/wp\/v2\/pages"}],"about":[{"href":"https:\/\/www.ecopoltech.com\/es\/wp-json\/wp\/v2\/types\/page"}],"author":[{"embeddable":true,"href":"https:\/\/www.ecopoltech.com\/es\/wp-json\/wp\/v2\/users\/1"}],"replies":[{"embeddable":true,"href":"https:\/\/www.ecopoltech.com\/es\/wp-json\/wp\/v2\/comments?post=2167"}],"version-history":[{"count":2,"href":"https:\/\/www.ecopoltech.com\/es\/wp-json\/wp\/v2\/pages\/2167\/revisions"}],"predecessor-version":[{"id":2852,"href":"https:\/\/www.ecopoltech.com\/es\/wp-json\/wp\/v2\/pages\/2167\/revisions\/2852"}],"wp:featuredmedia":[{"embeddable":true,"href":"https:\/\/www.ecopoltech.com\/es\/wp-json\/wp\/v2\/media\/2110"}],"wp:attachment":[{"href":"https:\/\/www.ecopoltech.com\/es\/wp-json\/wp\/v2\/media?parent=2167"}],"curies":[{"name":"wp","href":"https:\/\/api.w.org\/{rel}","templated":true}]}}