{"id":2149,"date":"2024-10-14T09:18:03","date_gmt":"2024-10-14T07:18:03","guid":{"rendered":"https:\/\/ecopolstaging.c.wetopi.com\/?page_id=2149"},"modified":"2026-04-21T17:37:23","modified_gmt":"2026-04-21T15:37:23","slug":"contacto","status":"publish","type":"page","link":"https:\/\/www.ecopoltech.com\/es\/contacto\/","title":{"rendered":"Contacto"},"content":{"rendered":"<div id=\"cs-content\" class=\"cs-content\"><div class=\"x-div e2149-e1 m1np-0 m1np-1 m1np-2 m1np-3 media-pantalla\"><div class=\"x-slide-container-viewport is-loading e2149-e2 m1np-7 media-pantalla\" data-x-slide-container=\"{&quot;keyboardNavigation&quot;:true,&quot;startingSlide&quot;:1,&quot;enter&quot;:&quot;fade&quot;,&quot;exit&quot;:&quot;fade&quot;,&quot;swipe&quot;:&quot;&quot;,&quot;stacked&quot;:true}\"><div class=\"x-slide-container-content\"><div class=\"x-slide-container is-stacked\"><div class=\"x-slide e2149-e3 m1np-8 media-pantalla\" data-x-slide=\"\"><div class=\"x-bg\"><div class=\"x-bg-layer-lower-img\"><img decoding=\"async\" src=\"https:\/\/www.ecopoltech.com\/media\/ecopoltech_014.webp\" alt=\"Image\" loading=\"lazy\"\/><\/div><div class=\"x-bg-layer-upper-custom\" aria-hidden=\"true\"><div class=\"pantalla-completa-topbar degradation-hero-sliders\"><\/div><\/div><\/div><div class=\"x-text x-text-headline e2149-e4 m1np-9 m1np-a m1np-b m1np-c\"><div class=\"x-text-content\"><div class=\"x-text-content-text\"><h1 class=\"x-text-content-text-primary\">\u00a1Contacte con Ecopol Tech ahora!<\/h1>\n<\/div><\/div><\/div><\/div><\/div><\/div><\/div><\/div><div class=\"x-div e2149-e5 m1np-0 m1np-3 m1np-4 m1np-5\" id=\"metadiv\"><div class=\"x-div x-container max width e2149-e6 m1np-0 m1np-1 m1np-5 m1np-6\"><div id=\"products-metadiv-headline\" class=\"x-text x-text-headline e2149-e7 m1np-9 m1np-a m1np-d m1np-e\"><div class=\"x-text-content\"><div class=\"x-text-content-text\"><h2 class=\"x-text-content-text-primary\">Ecopol Tech a su alcance<\/h2>\n<\/div><\/div><\/div><\/div><\/div><section class=\"x-section e2149-e8 m1np-i pantalla-completa-topbar\" id=\"contact-form\"><div class=\"x-row e2149-e9 m1np-j m1np-k\"><div class=\"x-row-inner\"><div class=\"x-col e2149-e10 m1np-l\"><div class=\"x-grid x-container max width e2149-e11 m1np-m\"><div class=\"x-cell e2149-e12 m1np-n m1np-o\"><div class=\"x-text x-text-headline e2149-e13 m1np-a m1np-c m1np-d m1np-f m1np-g\"><div class=\"x-text-content\"><div class=\"x-text-content-text\"><h2 class=\"x-text-content-text-primary\">Cont\u00e1ctenos<\/h2>\n<\/div><\/div><\/div><div class=\"x-form-integration x-form-integration-contact-form-7 e2149-e14 m1np-q\">\n<div class=\"wpcf7 no-js\" id=\"wpcf7-f2170-o1\" lang=\"es-ES\" dir=\"ltr\" data-wpcf7-id=\"2170\">\n<div class=\"screen-reader-response\"><p role=\"status\" aria-live=\"polite\" aria-atomic=\"true\"><\/p> <ul><\/ul><\/div>\n<form action=\"\/es\/wp-json\/wp\/v2\/pages\/2149#wpcf7-f2170-o1\" method=\"post\" class=\"wpcf7-form init\" aria-label=\"Formulario de contacto\" novalidate=\"novalidate\" data-status=\"init\">\n<fieldset class=\"hidden-fields-container\"><input type=\"hidden\" name=\"_wpcf7\" value=\"2170\" \/><input type=\"hidden\" name=\"_wpcf7_version\" value=\"6.1.5\" \/><input type=\"hidden\" name=\"_wpcf7_locale\" value=\"es_ES\" \/><input type=\"hidden\" name=\"_wpcf7_unit_tag\" value=\"wpcf7-f2170-o1\" \/><input type=\"hidden\" name=\"_wpcf7_container_post\" value=\"0\" \/><input type=\"hidden\" name=\"_wpcf7_posted_data_hash\" value=\"\" \/>\n<\/fieldset>\n<div class=\"wpcf7-turnstile cf-turnstile\" data-sitekey=\"0x4AAAAAAAFugFMSy0h6Gbv6\" data-response-field-name=\"_wpcf7_turnstile_response\"><\/div>\n\n<p><label> Nombre <span class=\"wpcf7-form-control-wrap\" data-name=\"your-name\"><input size=\"40\" maxlength=\"400\" class=\"wpcf7-form-control wpcf7-text wpcf7-validates-as-required\" autocomplete=\"name\" aria-required=\"true\" aria-invalid=\"false\" value=\"\" type=\"text\" name=\"your-name\" \/><\/span> <\/label><br \/>\n<label> Correo electr\u00f3nico <span class=\"wpcf7-form-control-wrap\" data-name=\"your-email\"><input size=\"40\" maxlength=\"400\" class=\"wpcf7-form-control wpcf7-email wpcf7-validates-as-required wpcf7-text wpcf7-validates-as-email\" autocomplete=\"email\" aria-required=\"true\" aria-invalid=\"false\" value=\"\" type=\"email\" name=\"your-email\" \/><\/span> <\/label><br \/>\n<label> Empresa <span class=\"wpcf7-form-control-wrap\" data-name=\"your-company\"><input size=\"40\" maxlength=\"400\" class=\"wpcf7-form-control wpcf7-text wpcf7-validates-as-required\" aria-required=\"true\" aria-invalid=\"false\" value=\"\" type=\"text\" name=\"your-company\" \/><\/span> <\/label><br \/>\n<label> P\u00e1gina web* <span class=\"wpcf7-form-control-wrap\" data-name=\"your-url\"><input size=\"40\" maxlength=\"400\" class=\"wpcf7-form-control wpcf7-url wpcf7-validates-as-required wpcf7-text wpcf7-validates-as-url\" aria-required=\"true\" aria-invalid=\"false\" value=\"\" type=\"url\" name=\"your-url\" \/><\/span> <\/label><br \/>\n<label> Pa\u00eds <span class=\"wpcf7-form-control-wrap\" data-name=\"your-country\"><input size=\"40\" maxlength=\"400\" class=\"wpcf7-form-control wpcf7-text wpcf7-validates-as-required\" aria-required=\"true\" aria-invalid=\"false\" value=\"\" type=\"text\" name=\"your-country\" \/><\/span> <\/label><br \/>\n<label> Producto de inter\u00e9s <span class=\"wpcf7-form-control-wrap\" data-name=\"your-interest\"><input size=\"40\" maxlength=\"400\" class=\"wpcf7-form-control wpcf7-text\" aria-invalid=\"false\" value=\"\" type=\"text\" name=\"your-interest\" \/><\/span> <\/label><br \/>\n<label> Asunto <span class=\"wpcf7-form-control-wrap\" data-name=\"your-subject\"><input size=\"40\" maxlength=\"400\" class=\"wpcf7-form-control wpcf7-text\" aria-invalid=\"false\" value=\"\" type=\"text\" name=\"your-subject\" \/><\/span> <\/label><br \/>\n<label> Mensaje <span class=\"wpcf7-form-control-wrap\" data-name=\"your-message\"><textarea cols=\"10\" rows=\"4\" maxlength=\"2000\" class=\"wpcf7-form-control wpcf7-textarea wpcf7-validates-as-required\" aria-required=\"true\" aria-invalid=\"false\" name=\"your-message\"><\/textarea><\/span> <\/label>\n<\/p>\n<div class=\"personal-data-protection\">\n\t<p><b>Protecci\u00f3n de datos personales<\/b>\n\t<\/p>\n\t<p>Utilizaremos sus datos para responder a consultas y realizar an\u00e1lisis estad\u00edsticos. Para m\u00e1s informaci\u00f3n sobre el tratamiento y sus derechos, consulte la <a href=\"\/es\/politica-de-privacidad\/\" rel=\"nofollow\" target=\"_blank\">Pol\u00edtica de privacidad<\/a>.\n\t<\/p>\n<\/div>\n<div class=\"form-acceptance-edit\">\n\t<p><span class=\"wpcf7-form-control-wrap\" data-name=\"acceptance-481\"><span class=\"wpcf7-form-control wpcf7-acceptance\"><span class=\"wpcf7-list-item\"><label><input type=\"checkbox\" name=\"acceptance-481\" value=\"1\" aria-invalid=\"false\" \/><span class=\"wpcf7-list-item-label\">\u00a0\u00a0  He le\u00eddo y acepto la <a href=\"\/es\/politica-de-privacidad\/\" rel=\"nofollow\" target=\"_blank\">Pol\u00edtica de privacidad<\/a>.<\/span><\/label><\/span><\/span><\/span>\n\t<\/p>\n<\/div>\n<p><input class=\"wpcf7-form-control wpcf7-submit has-spinner\" type=\"submit\" value=\"Enviar\" \/>\n<\/p><div class=\"wpcf7-response-output\" aria-hidden=\"true\"><\/div>\n<\/form>\n<\/div>\n<\/div><\/div><div class=\"x-cell e2149-e15 m1np-n m1np-p\"><div class=\"x-text x-text-headline e2149-e16 m1np-a m1np-c m1np-d m1np-g m1np-h\"><div class=\"x-text-content\"><div class=\"x-text-content-text\"><h2 class=\"x-text-content-text-primary\">UBICACI\u00d3N<\/h2>\n<\/div><\/div><\/div><hr class=\"x-line e2149-e17 m1np-r\"\/><iframe  src=\"https:\/\/www.google.com\/maps\/embed?pb=!1m18!1m12!1m3!1d2998.2805475005025!2d1.6224208!3d41.2809983!2m3!1f0!2f0!3f0!3m2!1i1024!2i768!4f13.1!3m3!1m2!1s0x12a4763c9bebbbbb%3A0xe14fe4ccc269d556!2sEcopol%20Tech%20SL!5e0!3m2!1sca!2ses!4v1730817318588!5m2!1sca!2ses\" width=\"auto\" height=\"640\" style=\"border:0;\" allowfullscreen=\"\" loading=\"lazy\" referrerpolicy=\"no-referrer-when-downgrade\"><\/iframe><\/div><\/div><\/div><\/div><\/div><\/section><\/div>","protected":false},"excerpt":{"rendered":"<p>\u00a1Contacte con Ecopol Tech ahora! Ecopol Tech a su alcance Cont\u00e1ctenos Nombre Correo electr\u00f3nico Empresa P\u00e1gina web* Pa\u00eds Producto de inter\u00e9s Asunto Mensaje Protecci\u00f3n de datos personales Utilizaremos sus datos para responder a consultas y realizar an\u00e1lisis estad\u00edsticos. Para m\u00e1s informaci\u00f3n sobre el tratamiento y sus derechos, consulte la Pol\u00edtica de privacidad. \u00a0\u00a0 He le\u00eddo y acepto la Pol\u00edtica de &#8230; <\/p>\n<div><a href=\"https:\/\/www.ecopoltech.com\/es\/contacto\/\" class=\"more-link\">Read More<\/a><\/div>\n","protected":false},"author":1,"featured_media":0,"parent":0,"menu_order":0,"comment_status":"closed","ping_status":"closed","template":"template-blank-4.php","meta":{"_acf_changed":false,"footnotes":""},"class_list":["post-2149","page","type-page","status-publish","hentry","no-post-thumbnail"],"acf":[],"_links":{"self":[{"href":"https:\/\/www.ecopoltech.com\/es\/wp-json\/wp\/v2\/pages\/2149","targetHints":{"allow":["GET"]}}],"collection":[{"href":"https:\/\/www.ecopoltech.com\/es\/wp-json\/wp\/v2\/pages"}],"about":[{"href":"https:\/\/www.ecopoltech.com\/es\/wp-json\/wp\/v2\/types\/page"}],"author":[{"embeddable":true,"href":"https:\/\/www.ecopoltech.com\/es\/wp-json\/wp\/v2\/users\/1"}],"replies":[{"embeddable":true,"href":"https:\/\/www.ecopoltech.com\/es\/wp-json\/wp\/v2\/comments?post=2149"}],"version-history":[{"count":2,"href":"https:\/\/www.ecopoltech.com\/es\/wp-json\/wp\/v2\/pages\/2149\/revisions"}],"predecessor-version":[{"id":2816,"href":"https:\/\/www.ecopoltech.com\/es\/wp-json\/wp\/v2\/pages\/2149\/revisions\/2816"}],"wp:attachment":[{"href":"https:\/\/www.ecopoltech.com\/es\/wp-json\/wp\/v2\/media?parent=2149"}],"curies":[{"name":"wp","href":"https:\/\/api.w.org\/{rel}","templated":true}]}}