{"id":3062,"date":"2025-02-14T08:39:43","date_gmt":"2025-02-14T07:39:43","guid":{"rendered":"https:\/\/ecopolstaging.c.wetopi.com\/?page_id=3062"},"modified":"2026-03-26T20:11:19","modified_gmt":"2026-03-26T19:11:19","slug":"sollicitud-de-cataleg","status":"publish","type":"page","link":"https:\/\/www.ecopoltech.com\/ca\/sollicitud-de-cataleg\/","title":{"rendered":"Sol\u00b7licitud de cat\u00e0leg"},"content":{"rendered":"<div id=\"cs-content\" class=\"cs-content\"><div class=\"x-div e3062-e1 m2d2-0 media-pantalla\"><div class=\"x-slide-container-viewport is-loading e3062-e2 m2d2-1 media-pantalla\" data-x-slide-container=\"{&quot;keyboardNavigation&quot;:true,&quot;startingSlide&quot;:1,&quot;enter&quot;:&quot;fade&quot;,&quot;exit&quot;:&quot;fade&quot;,&quot;swipe&quot;:&quot;&quot;,&quot;stacked&quot;:true}\"><div class=\"x-slide-container-content\"><div class=\"x-slide-container is-stacked\"><div class=\"x-slide e3062-e3 m2d2-2 media-pantalla\" data-x-slide=\"\"><div class=\"x-bg\"><div class=\"x-bg-layer-lower-img\"><img decoding=\"async\" src=\"https:\/\/www.ecopoltech.com\/media\/ecopoltech_014.webp\" srcset=\"https:\/\/www.ecopoltech.com\/media\/ecopoltech_014.webp 1740w, https:\/\/www.ecopoltech.com\/media\/ecopoltech_014-1200x290.webp 1200w, https:\/\/www.ecopoltech.com\/media\/ecopoltech_014-1536x371.webp 1536w, https:\/\/www.ecopoltech.com\/media\/ecopoltech_014-512x124.webp 512w, https:\/\/www.ecopoltech.com\/media\/ecopoltech_014-768x185.webp 768w, https:\/\/www.ecopoltech.com\/media\/ecopoltech_014-100x24.webp 100w\" sizes=\"(max-width: 1740px) 100vw, 1740px\" alt=\"\" loading=\"lazy\"\/><\/div><div class=\"x-bg-layer-upper-custom\" aria-hidden=\"true\"><div class=\"pantalla-completa-topbar degradation-hero-sliders\"><\/div><\/div><\/div><div class=\"x-text x-text-headline e3062-e4 m2d2-3 m2d2-4\"><div class=\"x-text-content\"><div class=\"x-text-content-text\"><h1 class=\"x-text-content-text-primary\">sol\u00b7licitud de cat\u00e0leg<\/h1>\n<\/div><\/div><\/div><\/div><\/div><\/div><\/div><\/div><section class=\"x-section e3062-e5 m2d2-6 pantalla-completa-topbar\" id=\"contact-form\"><div class=\"x-row e3062-e6 m2d2-7 m2d2-8\"><div class=\"x-row-inner\"><div class=\"x-col e3062-e7 m2d2-9\"><div class=\"x-grid e3062-e8 m2d2-a\"><fieldset class=\"x-cell e3062-e9 m2d2-b\"><div class=\"x-text x-text-headline e3062-e10 m2d2-4 m2d2-5\"><div class=\"x-text-content\"><div class=\"x-text-content-text\"><h2 class=\"x-text-content-text-primary\">Seleccioneu una categoria al seg\u00fcent formulari<\/h2>\n<span class=\"x-text-content-text-subheadline\">Gr\u00e0cies pel vostre inter\u00e8s<\/span><\/div><\/div><\/div><div class=\"x-form-integration x-form-integration-contact-form-7 e3062-e11 m2d2-c\">\n<div class=\"wpcf7 no-js\" id=\"wpcf7-f3077-o1\" lang=\"ca\" dir=\"ltr\" data-wpcf7-id=\"3077\">\n<div class=\"screen-reader-response\"><p role=\"status\" aria-live=\"polite\" aria-atomic=\"true\"><\/p> <ul><\/ul><\/div>\n<form action=\"\/ca\/wp-json\/wp\/v2\/pages\/3062#wpcf7-f3077-o1\" method=\"post\" class=\"wpcf7-form init\" aria-label=\"Formulari de contacte\" novalidate=\"novalidate\" data-status=\"init\">\n<fieldset class=\"hidden-fields-container\"><input type=\"hidden\" name=\"_wpcf7\" value=\"3077\" \/><input type=\"hidden\" name=\"_wpcf7_version\" value=\"6.1.5\" \/><input type=\"hidden\" name=\"_wpcf7_locale\" value=\"ca\" \/><input type=\"hidden\" name=\"_wpcf7_unit_tag\" value=\"wpcf7-f3077-o1\" \/><input type=\"hidden\" name=\"_wpcf7_container_post\" value=\"0\" \/><input type=\"hidden\" name=\"_wpcf7_posted_data_hash\" value=\"\" \/>\n<\/fieldset>\n<div class=\"wpcf7-turnstile cf-turnstile\" data-sitekey=\"0x4AAAAAAAFugFMSy0h6Gbv6\" data-response-field-name=\"_wpcf7_turnstile_response\"><\/div>\n\n<p><label> Nom <span class=\"wpcf7-form-control-wrap\" data-name=\"your-name\"><input size=\"40\" maxlength=\"400\" class=\"wpcf7-form-control wpcf7-text wpcf7-validates-as-required\" autocomplete=\"name\" aria-required=\"true\" aria-invalid=\"false\" value=\"\" type=\"text\" name=\"your-name\" \/><\/span> <\/label><br \/>\n<label> Correu electr\u00f2nic <span class=\"wpcf7-form-control-wrap\" data-name=\"your-email\"><input size=\"40\" maxlength=\"400\" class=\"wpcf7-form-control wpcf7-email wpcf7-validates-as-required wpcf7-text wpcf7-validates-as-email\" autocomplete=\"email\" aria-required=\"true\" aria-invalid=\"false\" value=\"\" type=\"email\" name=\"your-email\" \/><\/span> <\/label><br \/>\n<label> Empresa <span class=\"wpcf7-form-control-wrap\" data-name=\"your-company\"><input size=\"40\" maxlength=\"400\" class=\"wpcf7-form-control wpcf7-text wpcf7-validates-as-required\" aria-required=\"true\" aria-invalid=\"false\" value=\"\" type=\"text\" name=\"your-company\" \/><\/span> <\/label><br \/>\n<label> P\u00e0gina web* <span class=\"wpcf7-form-control-wrap\" data-name=\"your-url\"><input size=\"40\" maxlength=\"400\" class=\"wpcf7-form-control wpcf7-url wpcf7-validates-as-required wpcf7-text wpcf7-validates-as-url\" aria-required=\"true\" aria-invalid=\"false\" value=\"\" type=\"url\" name=\"your-url\" \/><\/span> <\/label><br \/>\n<label> Pa\u00eds <span class=\"wpcf7-form-control-wrap\" data-name=\"your-country\"><input size=\"40\" maxlength=\"400\" class=\"wpcf7-form-control wpcf7-text wpcf7-validates-as-required\" aria-required=\"true\" aria-invalid=\"false\" value=\"\" type=\"text\" name=\"your-country\" \/><\/span> <\/label><br \/>\n<label> Sol\u00b7licitar cat\u00e0leg <span class=\"wpcf7-form-control-wrap\" data-name=\"catalog\"><select class=\"wpcf7-form-control wpcf7-select wpcf7-validates-as-required\" aria-required=\"true\" aria-invalid=\"false\" name=\"catalog\"><option value=\"\">Seleccioneu un cat\u00e0leg<\/option><option value=\"Adhesius\">Adhesius<\/option><option value=\"Construcci\u00f3\">Construcci\u00f3<\/option><option value=\"- Edificaci\u00f3\">- Edificaci\u00f3<\/option><option value=\"- Escuma i resina\">- Escuma i resina<\/option><option value=\"- Aglutinants del s\u00f2l\">- Aglutinants del s\u00f2l<\/option><option value=\"Actius encapsulats\">Actius encapsulats<\/option><option value=\"- Retinoides\">- Retinoides<\/option><option value=\"- Olis naturals\">- Olis naturals<\/option><option value=\"- Altres Actius\">- Altres Actius<\/option><option value=\"Pol\u00edmers formadors de pel\u00b7l\u00edcula\">Pol\u00edmers formadors de pel\u00b7l\u00edcula<\/option><option value=\"- Cosm\u00e8tics de color i esmalts dungles\">- Cosm\u00e8tics de color i esmalts dungles<\/option><option value=\"- Cura dels cabells\">- Cura dels cabells<\/option><option value=\"- Cura de la pell\">- Cura de la pell<\/option><option value=\"- Protecci\u00f3 solar\">- Protecci\u00f3 solar<\/option><option value=\"Bugaderia\">Bugaderia<\/option><option value=\"Cuir\">Cuir<\/option><option value=\"- Capa base\">- Capa base<\/option><option value=\"- Finalitzadors\">- Finalitzadors<\/option><option value=\"Productes farmac\u00e8utics\">Productes farmac\u00e8utics<\/option><option value=\"T\u00e8xtil\">T\u00e8xtil<\/option><option value=\"- Capa superior\">- Capa superior<\/option><option value=\"- Capa base T\u00e8xtil\">- Capa base T\u00e8xtil<\/option><option value=\"- Marques d&#039;aigua\">- Marques d&#039;aigua<\/option><option value=\"- Microc\u00e0psules per a la cura de la llar\">- Microc\u00e0psules per a la cura de la llar<\/option><\/select><\/span> <\/label><br \/>\n<label> Assumpte <span class=\"wpcf7-form-control-wrap\" data-name=\"your-subject\"><input size=\"40\" maxlength=\"400\" class=\"wpcf7-form-control wpcf7-text\" aria-invalid=\"false\" value=\"\" type=\"text\" name=\"your-subject\" \/><\/span> <\/label><br \/>\n<label> Missatge <span class=\"wpcf7-form-control-wrap\" data-name=\"your-message\"><textarea cols=\"10\" rows=\"4\" maxlength=\"2000\" class=\"wpcf7-form-control wpcf7-textarea wpcf7-validates-as-required\" aria-required=\"true\" aria-invalid=\"false\" name=\"your-message\"><\/textarea><\/span> <\/label>\n<\/p>\n<div class=\"personal-data-protection\">\n\t<p><b>Protecci\u00f3 de dades personals<\/b>\n\t<\/p>\n\t<p>Utilitzarem les vostres dades per respondre a consultes, enviar cat\u00e0legs i\/o pressupostos i realitzar an\u00e0lisis estad\u00edstiques. Per a m\u00e9s informaci\u00f3 sobre el tractament i els seus drets, consulteu la <a href=\"\/ca\/politica-de-privacitat\/\" rel=\"nofollow\" target=\"_blank\">Pol\u00edtica de privadesa<\/a> .\n\t<\/p>\n<\/div>\n<div class=\"form-acceptance-edit\">\n\t<p><span class=\"wpcf7-form-control-wrap\" data-name=\"acceptance-481\"><span class=\"wpcf7-form-control wpcf7-acceptance\"><span class=\"wpcf7-list-item\"><label><input type=\"checkbox\" name=\"acceptance-481\" value=\"1\" aria-invalid=\"false\" \/><span class=\"wpcf7-list-item-label\">He llegit i accepto la <a href=\"\/ca\/politica-de-privacitat\/\" rel=\"nofollow\" target=\"_blank\">Pol\u00edtica de privacitat<\/a> .<\/span><\/label><\/span><\/span><\/span>\n\t<\/p>\n<\/div>\n<p><input class=\"wpcf7-form-control wpcf7-submit has-spinner\" type=\"submit\" value=\"Enviar\" \/>\n<\/p><div class=\"wpcf7-response-output\" aria-hidden=\"true\"><\/div>\n<\/form>\n<\/div>\n<\/div><\/fieldset><\/div><\/div><\/div><\/div><\/section><\/div>","protected":false},"excerpt":{"rendered":"<p>sol\u00b7licitud de cat\u00e0leg Seleccioneu una categoria al seg\u00fcent formulari Gr\u00e0cies pel vostre inter\u00e8s Nom Correu electr\u00f2nic Empresa P\u00e0gina web* Pa\u00eds Sol\u00b7licitar cat\u00e0leg Seleccioneu un cat\u00e0legAdhesiusConstrucci\u00f3- Edificaci\u00f3- Escuma i resina- Aglutinants del s\u00f2lActius encapsulats- Retinoides- Olis naturals- Altres ActiusPol\u00edmers formadors de pel\u00b7l\u00edcula- Cosm\u00e8tics de color i esmalts dungles- Cura dels cabells- Cura de la pell- Protecci\u00f3 solarBugaderiaCuir- Capa base- FinalitzadorsProductes farmac\u00e8uticsT\u00e8xtil- &#8230; <\/p>\n<div><a href=\"https:\/\/www.ecopoltech.com\/ca\/sollicitud-de-cataleg\/\" class=\"more-link\">Read More<\/a><\/div>\n","protected":false},"author":1,"featured_media":0,"parent":0,"menu_order":0,"comment_status":"closed","ping_status":"closed","template":"template-blank-4.php","meta":{"_acf_changed":false,"footnotes":""},"class_list":["post-3062","page","type-page","status-publish","hentry","no-post-thumbnail"],"acf":[],"_links":{"self":[{"href":"https:\/\/www.ecopoltech.com\/ca\/wp-json\/wp\/v2\/pages\/3062","targetHints":{"allow":["GET"]}}],"collection":[{"href":"https:\/\/www.ecopoltech.com\/ca\/wp-json\/wp\/v2\/pages"}],"about":[{"href":"https:\/\/www.ecopoltech.com\/ca\/wp-json\/wp\/v2\/types\/page"}],"author":[{"embeddable":true,"href":"https:\/\/www.ecopoltech.com\/ca\/wp-json\/wp\/v2\/users\/1"}],"replies":[{"embeddable":true,"href":"https:\/\/www.ecopoltech.com\/ca\/wp-json\/wp\/v2\/comments?post=3062"}],"version-history":[{"count":2,"href":"https:\/\/www.ecopoltech.com\/ca\/wp-json\/wp\/v2\/pages\/3062\/revisions"}],"predecessor-version":[{"id":3124,"href":"https:\/\/www.ecopoltech.com\/ca\/wp-json\/wp\/v2\/pages\/3062\/revisions\/3124"}],"wp:attachment":[{"href":"https:\/\/www.ecopoltech.com\/ca\/wp-json\/wp\/v2\/media?parent=3062"}],"curies":[{"name":"wp","href":"https:\/\/api.w.org\/{rel}","templated":true}]}}