{"id":3060,"date":"2024-11-11T07:07:20","date_gmt":"2024-11-11T06:07:20","guid":{"rendered":"https:\/\/ecopolstaging.c.wetopi.com\/?page_id=3060"},"modified":"2026-03-26T20:18:09","modified_gmt":"2026-03-26T19:18:09","slug":"projectes","status":"publish","type":"page","link":"https:\/\/www.ecopoltech.com\/ca\/projectes\/","title":{"rendered":"Projectes"},"content":{"rendered":"<div id=\"cs-content\" class=\"cs-content\"><div class=\"x-div e3060-e1 m2d0-0 m2d0-1 m2d0-2\"><div class=\"x-slide-container-viewport is-loading e3060-e2 m2d0-6\" data-x-slide-container=\"{&quot;keyboardNavigation&quot;:true,&quot;startingSlide&quot;:1,&quot;enter&quot;:&quot;fade&quot;,&quot;exit&quot;:&quot;fade&quot;,&quot;swipe&quot;:&quot;&quot;,&quot;stacked&quot;:true}\"><div class=\"x-slide-container-content\"><div class=\"x-slide-container is-stacked\"><div class=\"x-slide e3060-e3 m2d0-7\" data-x-slide=\"\"><div class=\"x-bg\"><div class=\"x-bg-layer-lower-img\"><img decoding=\"async\" src=\"https:\/\/www.ecopoltech.com\/media\/ecopoltech_012-scaled.webp\" alt=\"Imatge\" loading=\"lazy\"\/><\/div><div class=\"x-bg-layer-upper-custom\" aria-hidden=\"true\"><div class=\"media-pantalla degradation-hero-sliders\"><\/div><\/div><\/div><div class=\"x-div x-container max width e3060-e4 m2d0-0 m2d0-2 m2d0-3 media-pantalla\"><div class=\"x-text x-text-headline e3060-e5 m2d0-8 m2d0-9 m2d0-a\"><div class=\"x-text-content\"><div class=\"x-text-content-text\"><h1 class=\"x-text-content-text-primary\">Projectes, socis i premis<\/h1>\n<h2 class=\"x-text-content-text-subheadline\">A l'avantguarda de la ci\u00e8ncia de pol\u00edmers i encapsulaci\u00f3<\/h2><\/div><\/div><\/div><\/div><\/div><\/div><\/div><\/div><\/div><div class=\"x-div e3060-e6 m2d0-2 m2d0-4\"><div class=\"x-text x-text-headline e3060-e7 m2d0-9 m2d0-b\"><div class=\"x-text-content\"><div class=\"x-text-content-text\"><h2 class=\"x-text-content-text-primary\">Projectes adjudicats<\/h2>\n<\/div><\/div><\/div><div class=\"x-acc e3060-e8 m2d0-d\" id=\"x-acc-e3060-e8\"><div class=\"e3060-e9 x-acc-item\"><button id=\"tab-e3060-e9\" class=\"x-acc-header\" role=\"button\" type=\"button\" aria-expanded=\"false\" aria-controls=\"panel-e3060-e9\" data-x-toggle=\"collapse\" data-x-toggleable=\"e3060-e9\"><span class=\"x-acc-header-content\"><span class=\"x-acc-header-indicator\">&#x25b8;<\/span><span class=\"x-acc-header-text\">Nanotop<\/span><\/span><\/button><div id=\"panel-e3060-e9\" role=\"tabpanel\" aria-hidden=\"true\" aria-labelledby=\"tab-e3060-e9\" data-x-toggleable=\"e3060-e9\" data-x-toggle-collapse=\"1\" class=\"x-collapsed\"><div class=\"x-acc-content\"><span class=\"x-image e3060-e10 m2d0-e m2d0-f\"><img decoding=\"async\" src=\"https:\/\/www.ecopoltech.com\/media\/ecopol-tech-projects-partners-awards_08.webp\" width=\"185\" height=\"55\" alt=\"Imatge\" loading=\"lazy\"><\/span><hr class=\"x-line e3060-e11 m2d0-h m2d0-i\"\/><div class=\"x-text x-content e3060-e12 m2d0-k m2d0-l\"><ul>\n<li><strong>Nanotop<\/strong> (CDTI, projecte de col\u00b7laboraci\u00f3 Innoglobal, 2017-2020)<\/li>\n<li>INNO-20171037 \"APLICACI\u00d3 DE NANOTECNOLOGIA PER DOTAR DE NOVES FUNCIONALITATS AL CUIR USAT EN LA IND\u00daSTRIA AUTOMOVIL\u00cdSTICA\"<\/li>\n<li>Pressupost Ecopol Tech: 480.698,00 \u20ac.<\/li>\n<li>Consorci internacional, 1 PIME i 1 gran empresa (GST Autoleather)<\/li>\n<li>Ecopol Tech participa com a l\u00edder<\/li>\n<\/ul><\/div><\/div><\/div><\/div><div class=\"e3060-e13 x-acc-item\"><button id=\"tab-e3060-e13\" class=\"x-acc-header\" role=\"button\" type=\"button\" aria-expanded=\"false\" aria-controls=\"panel-e3060-e13\" data-x-toggle=\"collapse\" data-x-toggleable=\"e3060-e13\"><span class=\"x-acc-header-content\"><span class=\"x-acc-header-indicator\">&#x25b8;<\/span><span class=\"x-acc-header-text\">Duracis<\/span><\/span><\/button><div id=\"panel-e3060-e13\" role=\"tabpanel\" aria-hidden=\"true\" aria-labelledby=\"tab-e3060-e13\" data-x-toggleable=\"e3060-e13\" data-x-toggle-collapse=\"1\" class=\"x-collapsed\"><div class=\"x-acc-content\"><span class=\"x-image e3060-e14 m2d0-e m2d0-f\"><img decoding=\"async\" src=\"https:\/\/www.ecopoltech.com\/media\/ecopol-tech-projects-partners-awards_05.webp\" width=\"174\" height=\"84\" alt=\"Imatge\" loading=\"lazy\"><\/span><hr class=\"x-line e3060-e15 m2d0-h m2d0-i\"\/><div class=\"x-text x-content e3060-e16 m2d0-k m2d0-l\"><ul>\n \t<li><strong>Duracis<\/strong> (SOLAR-ERA.NET 2017-2020)<\/li>\n \t<li>Convocat\u00f2ries transnacionals PV4 i CSP4 \"Solucions avan\u00e7ades d'encapsulaci\u00f3 global per a l'estabilitat a llarg termini a la tecnologia fotovoltaica industrial flexible Cu(In,Ga)Se2\".<\/li>\n \t<li>Integraci\u00f3 de 5 subprojectes nacionals amb la participaci\u00f3 de 4 socis investigadors (acad\u00e8mics) i 6 socis industrials.<\/li>\n \t<li>Ecopol Tech participa com a soci.<\/li>\n \t<li>SOLAR-ERA.NET Convocat\u00f2ries transnacionals PV4 i CSP4<\/li>\n<\/ul><\/div><\/div><\/div><\/div><div class=\"e3060-e17 x-acc-item\"><button id=\"tab-e3060-e17\" class=\"x-acc-header\" role=\"button\" type=\"button\" aria-expanded=\"false\" aria-controls=\"panel-e3060-e17\" data-x-toggle=\"collapse\" data-x-toggleable=\"e3060-e17\"><span class=\"x-acc-header-content\"><span class=\"x-acc-header-indicator\">&#x25b8;<\/span><span class=\"x-acc-header-text\">NeGeCo<\/span><\/span><\/button><div id=\"panel-e3060-e17\" role=\"tabpanel\" aria-hidden=\"true\" aria-labelledby=\"tab-e3060-e17\" data-x-toggleable=\"e3060-e17\" data-x-toggle-collapse=\"1\" class=\"x-collapsed\"><div class=\"x-acc-content\"><span class=\"x-image e3060-e18 m2d0-e m2d0-f\"><img decoding=\"async\" src=\"https:\/\/www.ecopoltech.com\/media\/ecopol-tech-projects-partners-awards_17.webp\" width=\"317\" height=\"42\" alt=\"Imatge\" loading=\"lazy\"><\/span><hr class=\"x-line e3060-e19 m2d0-h m2d0-i\"\/><div class=\"x-text x-content e3060-e20 m2d0-k m2d0-m\"><ul>\n \t<li><strong>NeGeCo<\/strong> (Nucli R+D Gen Cat, Projecte de col\u00b7laboraci\u00f3, 2016-2019)<\/li>\n \t<li>RD16-1-0009 ''Obtenci\u00f3 d'un recobriment polim\u00e8ric d'altes prestacions nanoestructurat hidrof\u00f2bic i oleof\u00f2bic''<\/li>\n \t<li>Pressupost Ecopol Tech: 158.367,57 \u20ac<\/li>\n \t<li>Consorci, 3 PIME<\/li>\n<\/ul><\/div><\/div><\/div><\/div><div class=\"e3060-e21 x-acc-item\"><button id=\"tab-e3060-e21\" class=\"x-acc-header\" role=\"button\" type=\"button\" aria-expanded=\"false\" aria-controls=\"panel-e3060-e21\" data-x-toggle=\"collapse\" data-x-toggleable=\"e3060-e21\"><span class=\"x-acc-header-content\"><span class=\"x-acc-header-indicator\">&#x25b8;<\/span><span class=\"x-acc-header-text\">Solertex<\/span><\/span><\/button><div id=\"panel-e3060-e21\" role=\"tabpanel\" aria-hidden=\"true\" aria-labelledby=\"tab-e3060-e21\" data-x-toggleable=\"e3060-e21\" data-x-toggle-collapse=\"1\" class=\"x-collapsed\"><div class=\"x-acc-content\"><span class=\"x-image e3060-e22 m2d0-e m2d0-f\"><img decoding=\"async\" src=\"https:\/\/www.ecopoltech.com\/media\/ecopol-tech-projects-partners-awards_17.webp\" width=\"317\" height=\"42\" alt=\"Imatge\" loading=\"lazy\"><\/span><hr class=\"x-line e3060-e23 m2d0-h m2d0-i\"\/><div class=\"x-text x-content e3060-e24 m2d0-k m2d0-m\"><ul>\n \t<li><strong>Solertex<\/strong> (Nucli R+D Gen Cat, Projecte de col\u00b7laboraci\u00f3, 2017-2019) RD16-1-0115<\/li>\n \t<li>Recerca i desenvolupament d'un teixit fotovoltaic avan\u00e7at per solucions i aplicacions a l'exterior''<\/li>\n \t<li>Pressupost Ecopol Tech::158.367,57\u20ac.<\/li>\n \t<li>Consorci: 3 PIME i 1 gran empresa (IASO)<\/li>\n<\/ul><\/div><\/div><\/div><\/div><div class=\"e3060-e25 x-acc-item\"><button id=\"tab-e3060-e25\" class=\"x-acc-header\" role=\"button\" type=\"button\" aria-expanded=\"false\" aria-controls=\"panel-e3060-e25\" data-x-toggle=\"collapse\" data-x-toggleable=\"e3060-e25\"><span class=\"x-acc-header-content\"><span class=\"x-acc-header-indicator\">&#x25b8;<\/span><span class=\"x-acc-header-text\">NanoImmuca<\/span><\/span><\/button><div id=\"panel-e3060-e25\" role=\"tabpanel\" aria-hidden=\"true\" aria-labelledby=\"tab-e3060-e25\" data-x-toggleable=\"e3060-e25\" data-x-toggle-collapse=\"1\" class=\"x-collapsed\"><div class=\"x-acc-content\"><span class=\"x-image e3060-e26 m2d0-e m2d0-f\"><img decoding=\"async\" src=\"https:\/\/www.ecopoltech.com\/media\/ecopol-tech-projects-partners-awards_17.webp\" width=\"317\" height=\"42\" alt=\"Imatge\" loading=\"lazy\"><\/span><hr class=\"x-line e3060-e27 m2d0-h m2d0-i\"\/><div class=\"x-text x-content e3060-e28 m2d0-k m2d0-m\"><ul>\n \t<li><strong>NanoImmuca<\/strong> (Nucli R+D Gen Cat, Projecte en col\u00b7laboraci\u00f3, 2018-2021)<\/li>\n \t<li>RD17-1-0079 \"Potenciaci\u00f3 del sistema immunitari amb un sistema de nanoencapsulaci\u00f3 per lluitar contra el melanoma\".<\/li>\n \t<li>Pressupost: 206.644,82\u20ac.<\/li>\n \t<li>Projecte individual<\/li>\n<\/ul><\/div><\/div><\/div><\/div><div class=\"e3060-e29 x-acc-item\"><button id=\"tab-e3060-e29\" class=\"x-acc-header\" role=\"button\" type=\"button\" aria-expanded=\"false\" aria-controls=\"panel-e3060-e29\" data-x-toggle=\"collapse\" data-x-toggleable=\"e3060-e29\"><span class=\"x-acc-header-content\"><span class=\"x-acc-header-indicator\">&#x25b8;<\/span><span class=\"x-acc-header-text\">NanoSmart<\/span><\/span><\/button><div id=\"panel-e3060-e29\" role=\"tabpanel\" aria-hidden=\"true\" aria-labelledby=\"tab-e3060-e29\" data-x-toggleable=\"e3060-e29\" data-x-toggle-collapse=\"1\" class=\"x-collapsed\"><div class=\"x-acc-content\"><span class=\"x-image e3060-e30 m2d0-e m2d0-f\"><img decoding=\"async\" src=\"https:\/\/www.ecopoltech.com\/media\/ecopol-tech-projects-partners-awards_17.webp\" width=\"317\" height=\"42\" alt=\"Imatge\" loading=\"lazy\"><\/span><hr class=\"x-line e3060-e31 m2d0-h m2d0-i\"\/><div class=\"x-text x-content e3060-e32 m2d0-k m2d0-m\"><ul>\n \t<li><strong>NanoSmart<\/strong> (Nucli R+D Gen Cat, Projecte de col\u00b7laboraci\u00f3, 2018-2021)<\/li>\n \t<li>RD17-1-0065 \"Preparaci\u00f3 i aplicaci\u00f3 de nanoc\u00e0psules intel\u00b7ligents i potencialment escalables en ter\u00e0pia de c\u00e0ncer''<\/li>\n \t<li>Pressupost: 213.880,92\u20ac.<\/li>\n \t<li>Projecte individual.<\/li>\n<\/ul><\/div><\/div><\/div><\/div><div class=\"e3060-e33 x-acc-item\"><button id=\"tab-e3060-e33\" class=\"x-acc-header\" role=\"button\" type=\"button\" aria-expanded=\"false\" aria-controls=\"panel-e3060-e33\" data-x-toggle=\"collapse\" data-x-toggleable=\"e3060-e33\"><span class=\"x-acc-header-content\"><span class=\"x-acc-header-indicator\">&#x25b8;<\/span><span class=\"x-acc-header-text\">NanoSmartBi<\/span><\/span><\/button><div id=\"panel-e3060-e33\" role=\"tabpanel\" aria-hidden=\"true\" aria-labelledby=\"tab-e3060-e33\" data-x-toggleable=\"e3060-e33\" data-x-toggle-collapse=\"1\" class=\"x-collapsed\"><div class=\"x-acc-content\"><span class=\"x-image e3060-e34 m2d0-e m2d0-g\"><img decoding=\"async\" src=\"https:\/\/www.ecopoltech.com\/media\/ecopol-tech-projects-partners-awards_16.webp\" width=\"198\" height=\"42\" alt=\"Imatge\" loading=\"lazy\"><\/span><span class=\"x-image e3060-e35 m2d0-e m2d0-f\"><img decoding=\"async\" src=\"https:\/\/www.ecopoltech.com\/media\/ecopol-tech-projects-partners-awards_02.webp\" width=\"244\" height=\"42\" alt=\"Imatge\" loading=\"lazy\"><\/span><hr class=\"x-line e3060-e36 m2d0-h m2d0-i\"\/><div class=\"x-text x-content e3060-e37 m2d0-k m2d0-m\"><ul>\n \t<li><strong>NanoSmartBi<\/strong> (projecte de col\u00b7laboraci\u00f3 Eurostars-interempreses internacionals, 2020-2023)<\/li>\n \t<li>CIIP-20201007 Nanoc\u00e0psules polim\u00e8riques biodegradables multifuncionals antibi\u00f2tiques intel\u00b7ligents per eludir la resist\u00e8ncia bacteriana.<\/li>\n \t<li>Pressupost 332.496,00 \u20ac.<\/li>\n \t<li>Ecopol Tech participa com a l\u00edder.<\/li>\n \t<li>Consorci internacional, 2 PIME<\/li>\n<\/ul><\/div><\/div><\/div><\/div><div class=\"e3060-e38 x-acc-item\"><button id=\"tab-e3060-e38\" class=\"x-acc-header\" role=\"button\" type=\"button\" aria-expanded=\"false\" aria-controls=\"panel-e3060-e38\" data-x-toggle=\"collapse\" data-x-toggleable=\"e3060-e38\"><span class=\"x-acc-header-content\"><span class=\"x-acc-header-indicator\">&#x25b8;<\/span><span class=\"x-acc-header-text\">PoBeCo<\/span><\/span><\/button><div id=\"panel-e3060-e38\" role=\"tabpanel\" aria-hidden=\"true\" aria-labelledby=\"tab-e3060-e38\" data-x-toggleable=\"e3060-e38\" data-x-toggle-collapse=\"1\" class=\"x-collapsed\"><div class=\"x-acc-content\"><span class=\"x-image e3060-e39 m2d0-e m2d0-f\"><img decoding=\"async\" src=\"https:\/\/www.ecopoltech.com\/media\/ecopol-tech-projects-partners-awards_16.webp\" width=\"198\" height=\"42\" alt=\"Imatge\" loading=\"lazy\"><\/span><hr class=\"x-line e3060-e40 m2d0-h m2d0-i\"\/><div class=\"x-text x-content e3060-e41 m2d0-k m2d0-m\"><ul>\n \t<li><strong>PoBeCo<\/strong> (projecte Eurostars R+D -Interempreses internacional Collaborative project, 2017-2020), E! 10857 PoBeCo.   <\/li>\n \t<li>Nova tecnologia de rentat dom\u00e8stic amb perles polim\u00e8riques ecol\u00f2giques (Eurostars 2017-2020)<\/li>\n \t<li>Pressupost: 537.106,00 \u20ac<\/li>\n \t<li>Ecopol Tech participa com a l\u00edder.<\/li>\n \t<li>Consorci internacional, 1 PIME i 1 gran empresa (Ar\u00e7elik)<\/li>\n<\/ul><\/div><\/div><\/div><\/div><div class=\"e3060-e42 x-acc-item\"><button id=\"tab-e3060-e42\" class=\"x-acc-header\" role=\"button\" type=\"button\" aria-expanded=\"false\" aria-controls=\"panel-e3060-e42\" data-x-toggle=\"collapse\" data-x-toggleable=\"e3060-e42\"><span class=\"x-acc-header-content\"><span class=\"x-acc-header-indicator\">&#x25b8;<\/span><span class=\"x-acc-header-text\">Certificaci\u00f3 de productes<\/span><\/span><\/button><div id=\"panel-e3060-e42\" role=\"tabpanel\" aria-hidden=\"true\" aria-labelledby=\"tab-e3060-e42\" data-x-toggleable=\"e3060-e42\" data-x-toggle-collapse=\"1\" class=\"x-collapsed\"><div class=\"x-acc-content\"><span class=\"x-image e3060-e43 m2d0-e m2d0-f\"><img decoding=\"async\" src=\"https:\/\/www.ecopoltech.com\/media\/ecopol-tech-projects-partners-awards_01.webp\" width=\"335\" height=\"92\" alt=\"Imatge\" loading=\"lazy\"><\/span><hr class=\"x-line e3060-e44 m2d0-h m2d0-i\"\/><div class=\"x-text x-content e3060-e45 m2d0-k m2d0-m\"><ul>\n \t<li>Suport a la certificaci\u00f3 dels nostres productes gr\u00e0cies a l'ajuda de la Cambra de Comer\u00e7 d'Espanya a trav\u00e9s del programa de Mentoring i Suport a la Internacionalitzaci\u00f3, finan\u00e7at per la Uni\u00f3 Europea - NextGeneration EU. #PlanDeRecuperaci\u00f3n<\/li>\n<\/ul><\/div><\/div><\/div><\/div><div class=\"e3060-e46 x-acc-item\"><button id=\"tab-e3060-e46\" class=\"x-acc-header\" role=\"button\" type=\"button\" aria-expanded=\"false\" aria-controls=\"panel-e3060-e46\" data-x-toggle=\"collapse\" data-x-toggleable=\"e3060-e46\"><span class=\"x-acc-header-content\"><span class=\"x-acc-header-indicator\">&#x25b8;<\/span><span class=\"x-acc-header-text\">FOTOCER<\/span><\/span><\/button><div id=\"panel-e3060-e46\" role=\"tabpanel\" aria-hidden=\"true\" aria-labelledby=\"tab-e3060-e46\" data-x-toggleable=\"e3060-e46\" data-x-toggle-collapse=\"1\" class=\"x-collapsed\"><div class=\"x-acc-content\"><span class=\"x-image e3060-e47 m2d0-e m2d0-f\"><img decoding=\"async\" src=\"https:\/\/www.ecopoltech.com\/media\/ecopol-tech-projects-partners-awards_20.webp\" width=\"357\" height=\"42\" alt=\"FOTOCER (Misiones CDTI Collaborative Project) 2021-2024 EXP - 00146339 \/ MIG-20211047\" loading=\"lazy\"><\/span><hr class=\"x-line e3060-e48 m2d0-h m2d0-i\"\/><div class=\"x-text x-content e3060-e49 m2d0-k m2d0-m\"><ul>\n<li>\n<p>FOTOCER (Projecte de col\u00b7laboraci\u00f3 CDTI Missions) 2021-2024 EXP - 00146339 \/ MIG-20211047<\/p>\n<\/li>\n<li>\n<p>T\u00edtol del projecte ACABATS FOTOVOLT\u00c0ICS TRANSPARENTS PER A L'OBTENCI\u00d3 D'ENERGIA SEGURA, EFICIENT I NETEJA A TRAV\u00c9S DE L'ENVOLTAMENT DELS EDIFICIS<\/p>\n<\/li>\n<li>\n<p>Pressupost total del projecte: 5.138.203,00 euros<\/p>\n<\/li>\n<li>\n<p>Ecopol Pressupost: 450.201,00 euros<\/p>\n<\/li>\n<li>\n<p>Composici\u00f3 del consorci: Consorci espanyol: 7 PIME i 1 Gran Empresa<\/p>\n<\/li>\n<\/ul><\/div><\/div><\/div><\/div><\/div><\/div><div class=\"x-section e3060-e50 m2d0-n m2d0-o\"><div class=\"x-row x-container max width e3060-e51 m2d0-q m2d0-r m2d0-t m2d0-u\" id=\"associations\"><div class=\"x-row-inner\"><div class=\"x-col e3060-e52 m2d0-w m2d0-x\" id=\"awards\"><div class=\"x-text x-text-headline e3060-e53 m2d0-9 m2d0-b\"><div class=\"x-text-content\"><div class=\"x-text-content-text\"><h2 class=\"x-text-content-text-primary\">Premis a la innovaci\u00f3<\/h2>\n<\/div><\/div><\/div><div class=\"x-grid x-container max width e3060-e54 m2d0-13 m2d0-14\"><div class=\"x-cell e3060-e55 m2d0-16 ppa-cell\"><div class=\"x-bg\"><div class=\"x-bg-layer-lower-img\"><img decoding=\"async\" src=\"https:\/\/www.ecopoltech.com\/media\/ecopol-tech-projects-partners-awards_12.webp\" alt=\"Premios a la innovaci\u00f3n - Sello de Excelencia de la Comisi\u00f3n Europea\" loading=\"lazy\"\/><\/div><\/div><\/div><div class=\"x-cell e3060-e56 m2d0-16 ppa-cell\"><div class=\"x-bg\"><div class=\"x-bg-layer-lower-img\"><img decoding=\"async\" src=\"https:\/\/www.ecopoltech.com\/media\/ecopol-tech-projects-partners-awards_19.webp\" alt=\"Imatge\" loading=\"lazy\"\/><\/div><\/div><\/div><\/div><\/div><div class=\"x-col e3060-e57 m2d0-w m2d0-x\" id=\"associations\"><div class=\"x-text x-text-headline e3060-e58 m2d0-9 m2d0-b\"><div class=\"x-text-content\"><div class=\"x-text-content-text\"><h2 class=\"x-text-content-text-primary\">Associacions<\/h2>\n<\/div><\/div><\/div><div class=\"x-grid x-container max width e3060-e59 m2d0-13 m2d0-15\"><div class=\"x-cell e3060-e60 m2d0-16 ppa-cell\"><div class=\"x-bg\"><div class=\"x-bg-layer-lower-img\"><img decoding=\"async\" src=\"https:\/\/www.ecopoltech.com\/media\/ecopol-tech-projects-partners-awards_14.webp\" alt=\"Imatge\" loading=\"lazy\"\/><\/div><\/div><\/div><div class=\"x-cell e3060-e61 m2d0-16 ppa-cell\"><div class=\"x-bg\"><div class=\"x-bg-layer-lower-img\"><img decoding=\"async\" src=\"https:\/\/www.ecopoltech.com\/media\/nanohub-cluster-mav.png\" alt=\"Imatge\" loading=\"lazy\"\/><\/div><\/div><\/div><div class=\"x-cell e3060-e62 m2d0-16 ppa-cell\"><div class=\"x-bg\"><div class=\"x-bg-layer-lower-img\"><img decoding=\"async\" src=\"https:\/\/www.ecopoltech.com\/media\/ecopol-tech-projects-partners-awards_15.webp\" alt=\"Imatge\" loading=\"lazy\"\/><\/div><\/div><\/div><\/div><\/div><div class=\"x-col x-hide-lg x-hide-md x-hide-sm x-hide-xl x-hide-xs e3060-e63 m2d0-w m2d0-x\" id=\"partners\"><div class=\"x-text x-text-headline e3060-e64 m2d0-9 m2d0-b\"><div class=\"x-text-content\"><div class=\"x-text-content-text\"><h2 class=\"x-text-content-text-primary\">Socis<\/h2>\n<\/div><\/div><\/div><div class=\"x-grid x-container max width e3060-e65 m2d0-13 m2d0-15\"><div class=\"x-cell e3060-e66 m2d0-16 ppa-cell\"><div class=\"x-bg\"><div class=\"x-bg-layer-lower-img\"><img decoding=\"async\" src=\"https:\/\/www.ecopoltech.com\/media\/ecopol-tech-projects-partners-awards_13.webp\" alt=\"Imatge\" loading=\"lazy\"\/><\/div><\/div><\/div><div class=\"x-cell e3060-e67 m2d0-16 ppa-cell\"><div class=\"x-bg\"><div class=\"x-bg-layer-lower-img\"><img decoding=\"async\" src=\"https:\/\/www.ecopoltech.com\/media\/ecopol-tech-projects-partners-awards_03.webp\" alt=\"Imatge\" loading=\"lazy\"\/><\/div><\/div><\/div><div class=\"x-cell e3060-e68 m2d0-16 ppa-cell\"><div class=\"x-bg\"><div class=\"x-bg-layer-lower-img\"><img decoding=\"async\" src=\"https:\/\/www.ecopoltech.com\/media\/ecopol-tech-projects-partners-awards_10.webp\" alt=\"Imatge\" loading=\"lazy\"\/><\/div><\/div><\/div><div class=\"x-cell e3060-e69 m2d0-16 ppa-cell\"><div class=\"x-bg\"><div class=\"x-bg-layer-lower-img\"><img decoding=\"async\" src=\"https:\/\/www.ecopoltech.com\/media\/ecopol-tech-projects-partners-awards_06.webp\" alt=\"Imatge\" loading=\"lazy\"\/><\/div><\/div><\/div><div class=\"x-cell e3060-e70 m2d0-16 ppa-cell\"><div class=\"x-bg\"><div class=\"x-bg-layer-lower-img\"><img decoding=\"async\" src=\"https:\/\/www.ecopoltech.com\/media\/ecopol-tech-projects-partners-awards_07.webp\" alt=\"Imatge\" loading=\"lazy\"\/><\/div><\/div><\/div><div class=\"x-cell e3060-e71 m2d0-16 ppa-cell\"><div class=\"x-bg\"><div class=\"x-bg-layer-lower-img\"><img decoding=\"async\" src=\"https:\/\/www.ecopoltech.com\/media\/ecopol-tech-projects-partners-awards_04.webp\" alt=\"Imatge\" loading=\"lazy\"\/><\/div><\/div><\/div><div class=\"x-cell e3060-e72 m2d0-16 ppa-cell\"><div class=\"x-bg\"><div class=\"x-bg-layer-lower-img\"><img decoding=\"async\" src=\"https:\/\/www.ecopoltech.com\/media\/ecopol-tech-projects-partners-awards_09.webp\" alt=\"Imatge\" loading=\"lazy\"\/><\/div><\/div><\/div><div class=\"x-cell e3060-e73 m2d0-16 ppa-cell\"><div class=\"x-bg\"><div class=\"x-bg-layer-lower-img\"><img decoding=\"async\" src=\"https:\/\/www.ecopoltech.com\/media\/ecopol-tech-projects-partners-awards_11.webp\" alt=\"Imatge\" loading=\"lazy\"\/><\/div><\/div><\/div><\/div><\/div><\/div><\/div><\/div><section class=\"x-section e3060-e74-v0 m2d0-o m2d0-p\"><div class=\"x-row x-container max width e3060-e74-v1 m2d0-q m2d0-s m2d0-t m2d0-v\"><div class=\"x-row-inner\"><figure class=\"x-col e3060-e74-v2 m2d0-w m2d0-y m2d0-z m2d0-5 biz-branch-cols\" data-x-effect-provider=\"colors particles effects\" data-x-effect=\"{&quot;animationAlt&quot;:&quot;pulse&quot;}\"><div class=\"x-bg\"><div class=\"x-bg-layer-lower-img\"><img decoding=\"async\" src=\"https:\/\/www.ecopoltech.com\/media\/ecopoltech_042.webp\" srcset=\"https:\/\/www.ecopoltech.com\/media\/ecopoltech_042.webp 359w, https:\/\/www.ecopoltech.com\/media\/ecopoltech_042-100x100.webp 100w\" sizes=\"(max-width: 359px) 100vw, 359px\" alt=\"Imatge\" loading=\"lazy\"\/><\/div><div class=\"x-bg-layer-upper-color\" aria-hidden=\"true\"><\/div><\/div><div class=\"x-text x-text-headline e3060-e74-v3 m2d0-8 m2d0-9 m2d0-c\"><div class=\"x-text-content\"><div class=\"x-text-content-text\"><h3 class=\"x-text-content-text-primary\">Tecnologies d'Encapsulaci\u00f3<\/h3>\n<h5 class=\"x-text-content-text-subheadline\">Protegeix els teus ingredients amb les nostres c\u00e0psules polim\u00e8riques biodegradables<\/h5><\/div><\/div><\/div><\/figure><figure class=\"x-col e3060-e74-v4 m2d0-w m2d0-y m2d0-10 m2d0-11 m2d0-5 biz-branch-cols\" data-x-effect-provider=\"colors particles effects\" data-x-effect=\"{&quot;animationAlt&quot;:&quot;pulse&quot;}\"><div class=\"x-bg\"><div class=\"x-bg-layer-lower-img\"><img decoding=\"async\" src=\"https:\/\/www.ecopoltech.com\/media\/reaction-equipment-advanced-polymers-512x341.webp\" srcset=\"https:\/\/www.ecopoltech.com\/media\/reaction-equipment-advanced-polymers-512x341.webp 512w, https:\/\/www.ecopoltech.com\/media\/reaction-equipment-advanced-polymers-1200x800.webp 1200w, https:\/\/www.ecopoltech.com\/media\/reaction-equipment-advanced-polymers-1536x1024.webp 1536w, https:\/\/www.ecopoltech.com\/media\/reaction-equipment-advanced-polymers-768x512.webp 768w, https:\/\/www.ecopoltech.com\/media\/reaction-equipment-advanced-polymers-2048x1366.webp 2048w, https:\/\/www.ecopoltech.com\/media\/reaction-equipment-advanced-polymers-100x67.webp 100w, https:\/\/www.ecopoltech.com\/media\/reaction-equipment-advanced-polymers-1920x1280.webp 1920w\" sizes=\"(max-width: 512px) 100vw, 512px\" alt=\"Imatge\" loading=\"lazy\"\/><\/div><div class=\"x-bg-layer-upper-color\" aria-hidden=\"true\"><\/div><\/div><div class=\"x-text x-text-headline e3060-e74-v5 m2d0-8 m2d0-9 m2d0-c\"><div class=\"x-text-content\"><div class=\"x-text-content-text\"><h3 class=\"x-text-content-text-primary\">Pol\u00edmers Avan\u00e7ats<\/h3>\n<h5 class=\"x-text-content-text-subheadline\">Solucions innovadores per revolucionar la ind\u00fastria dels pol\u00edmers<\/h5><\/div><\/div><\/div><\/figure><a class=\"x-col e3060-e74-v6 m2d0-w m2d0-y m2d0-11 m2d0-12 m2d0-5 biz-branch-cols\" href=\"\/ca\/serveis\/\" data-x-effect-provider=\"colors particles effects\" data-x-effect=\"{&quot;animationAlt&quot;:&quot;pulse&quot;}\"><div class=\"x-bg\"><div class=\"x-bg-layer-lower-img\"><img decoding=\"async\" src=\"https:\/\/www.ecopoltech.com\/media\/ecopoltech_004-1200x801.webp\" srcset=\"https:\/\/www.ecopoltech.com\/media\/ecopoltech_004-1200x801.webp 1200w, https:\/\/www.ecopoltech.com\/media\/ecopoltech_004-1536x1026.webp 1536w, https:\/\/www.ecopoltech.com\/media\/ecopoltech_004-512x342.webp 512w, https:\/\/www.ecopoltech.com\/media\/ecopoltech_004-768x513.webp 768w, https:\/\/www.ecopoltech.com\/media\/ecopoltech_004-2048x1367.webp 2048w, https:\/\/www.ecopoltech.com\/media\/ecopoltech_004-100x67.webp 100w\" sizes=\"(max-width: 1200px) 100vw, 1200px\" alt=\"Serveis\" loading=\"lazy\"\/><\/div><div class=\"x-bg-layer-upper-color\" aria-hidden=\"true\"><\/div><\/div><div class=\"x-text x-text-headline e3060-e74-v7 m2d0-8 m2d0-9 m2d0-c\"><div class=\"x-text-content\"><div class=\"x-text-content-text\"><h3 class=\"x-text-content-text-primary\">Serveis<\/h3>\n<h5 class=\"x-text-content-text-subheadline\">Descobreix com els nostres experts et poden ajudar.<\/h5><\/div><\/div><\/div><\/a><\/div><\/div><\/section><hr class=\"x-line e3060-e75 m2d0-i m2d0-j\"\/><\/div>","protected":false},"excerpt":{"rendered":"<p>Projectes, socis i premis A l&#8217;avantguarda de la ci\u00e8ncia de pol\u00edmers i encapsulaci\u00f3Projectes adjudicats &#x25b8;Nanotop Nanotop (CDTI, projecte de col\u00b7laboraci\u00f3 Innoglobal, 2017-2020) INNO-20171037 &#8220;APLICACI\u00d3 DE NANOTECNOLOGIA PER DOTAR DE NOVES FUNCIONALITATS AL CUIR USAT EN LA IND\u00daSTRIA AUTOMOVIL\u00cdSTICA&#8221; Pressupost Ecopol Tech: 480.698,00 \u20ac. Consorci internacional, 1 PIME i 1 gran empresa (GST Autoleather) Ecopol Tech participa com a l\u00edder &#x25b8;Duracis &#8230; <\/p>\n<div><a href=\"https:\/\/www.ecopoltech.com\/ca\/projectes\/\" class=\"more-link\">Read More<\/a><\/div>\n","protected":false},"author":1,"featured_media":0,"parent":0,"menu_order":0,"comment_status":"closed","ping_status":"closed","template":"template-blank-4.php","meta":{"_acf_changed":false,"footnotes":""},"class_list":["post-3060","page","type-page","status-publish","hentry","no-post-thumbnail"],"acf":[],"_links":{"self":[{"href":"https:\/\/www.ecopoltech.com\/ca\/wp-json\/wp\/v2\/pages\/3060","targetHints":{"allow":["GET"]}}],"collection":[{"href":"https:\/\/www.ecopoltech.com\/ca\/wp-json\/wp\/v2\/pages"}],"about":[{"href":"https:\/\/www.ecopoltech.com\/ca\/wp-json\/wp\/v2\/types\/page"}],"author":[{"embeddable":true,"href":"https:\/\/www.ecopoltech.com\/ca\/wp-json\/wp\/v2\/users\/1"}],"replies":[{"embeddable":true,"href":"https:\/\/www.ecopoltech.com\/ca\/wp-json\/wp\/v2\/comments?post=3060"}],"version-history":[{"count":2,"href":"https:\/\/www.ecopoltech.com\/ca\/wp-json\/wp\/v2\/pages\/3060\/revisions"}],"predecessor-version":[{"id":3136,"href":"https:\/\/www.ecopoltech.com\/ca\/wp-json\/wp\/v2\/pages\/3060\/revisions\/3136"}],"wp:attachment":[{"href":"https:\/\/www.ecopoltech.com\/ca\/wp-json\/wp\/v2\/media?parent=3060"}],"curies":[{"name":"wp","href":"https:\/\/api.w.org\/{rel}","templated":true}]}}