{"id":3058,"date":"2025-10-06T09:45:59","date_gmt":"2025-10-06T07:45:59","guid":{"rendered":"https:\/\/ecopolstaging.c.wetopi.com\/?page_id=3058"},"modified":"2026-03-26T20:19:00","modified_gmt":"2026-03-26T19:19:00","slug":"politiques","status":"publish","type":"page","link":"https:\/\/www.ecopoltech.com\/ca\/politiques\/","title":{"rendered":"Pol\u00edtiques"},"content":{"rendered":"<div id=\"cs-content\" class=\"cs-content\"><section class=\"x-div x-container max width e3058-e1 m2cy-0 pantalla-completa-topbar\"><nav class=\"x-grid e3058-e2 m2cy-2\"><a class=\"x-cell e3058-e3 m2cy-3 m2cy-1\" href=\"\/media\/00-2_Politica-Calidad-Ecopol-Tech_V4_290925.pdf\" target=\"_blank\" rel=\"noopener noreferrer\" data-x-effect=\"{&quot;animationAlt&quot;:&quot;pulse&quot;}\"><div class=\"x-text x-text-headline e3058-e4 m2cy-4\"><div class=\"x-text-content\"><div class=\"x-text-content-text\"><h2 class=\"x-text-content-text-primary\">Pol\u00edtica de Qualitat<\/h2>\n<\/div><\/div><\/div><\/a><a class=\"x-cell e3058-e5 m2cy-3 m2cy-1\" href=\"\/media\/00-2_Politica-Gestion-ambiental-Ecopol-Tech_V4_290925.pdf\" target=\"_blank\" rel=\"noopener noreferrer\" data-x-effect=\"{&quot;animationAlt&quot;:&quot;pulse&quot;}\"><div class=\"x-text x-text-headline e3058-e6 m2cy-4\"><div class=\"x-text-content\"><div class=\"x-text-content-text\"><h2 class=\"x-text-content-text-primary\">Pol\u00edtica de Gesti\u00f3 Ambiental<\/h2>\n<\/div><\/div><\/div><\/a><a class=\"x-cell e3058-e7 m2cy-3 m2cy-1\" href=\"\/media\/00-2-Politica-Calidad-Halal-Ecopol-Tech-SL-V1-25112025.pdf\" target=\"_blank\" rel=\"noopener noreferrer\" data-x-effect=\"{&quot;animationAlt&quot;:&quot;pulse&quot;}\"><div class=\"x-text x-text-headline e3058-e8 m2cy-4\"><div class=\"x-text-content\"><div class=\"x-text-content-text\"><h2 class=\"x-text-content-text-primary\">Pol\u00edtica de Qualitat Halal<\/h2>\n<\/div><\/div><\/div><\/a><\/nav><\/section><\/div>","protected":false},"excerpt":{"rendered":"<p>Pol\u00edtica de Qualitat Pol\u00edtica de Gesti\u00f3 Ambiental Pol\u00edtica de Qualitat Halal<\/p>\n","protected":false},"author":1,"featured_media":0,"parent":0,"menu_order":0,"comment_status":"closed","ping_status":"closed","template":"template-blank-4.php","meta":{"_acf_changed":false,"footnotes":""},"class_list":["post-3058","page","type-page","status-publish","hentry","no-post-thumbnail"],"acf":[],"_links":{"self":[{"href":"https:\/\/www.ecopoltech.com\/ca\/wp-json\/wp\/v2\/pages\/3058","targetHints":{"allow":["GET"]}}],"collection":[{"href":"https:\/\/www.ecopoltech.com\/ca\/wp-json\/wp\/v2\/pages"}],"about":[{"href":"https:\/\/www.ecopoltech.com\/ca\/wp-json\/wp\/v2\/types\/page"}],"author":[{"embeddable":true,"href":"https:\/\/www.ecopoltech.com\/ca\/wp-json\/wp\/v2\/users\/1"}],"replies":[{"embeddable":true,"href":"https:\/\/www.ecopoltech.com\/ca\/wp-json\/wp\/v2\/comments?post=3058"}],"version-history":[{"count":2,"href":"https:\/\/www.ecopoltech.com\/ca\/wp-json\/wp\/v2\/pages\/3058\/revisions"}],"predecessor-version":[{"id":3138,"href":"https:\/\/www.ecopoltech.com\/ca\/wp-json\/wp\/v2\/pages\/3058\/revisions\/3138"}],"wp:attachment":[{"href":"https:\/\/www.ecopoltech.com\/ca\/wp-json\/wp\/v2\/media?parent=3058"}],"curies":[{"name":"wp","href":"https:\/\/api.w.org\/{rel}","templated":true}]}}