{"id":3056,"date":"2026-01-27T16:43:08","date_gmt":"2026-01-27T15:43:08","guid":{"rendered":"https:\/\/ecopolstaging.c.wetopi.com\/?page_id=3056"},"modified":"2026-03-26T20:22:21","modified_gmt":"2026-03-26T19:22:21","slug":"legal","status":"publish","type":"page","link":"https:\/\/www.ecopoltech.com\/ca\/legal\/","title":{"rendered":"Legal CA"},"content":{"rendered":"<div id=\"cs-content\" class=\"cs-content\"><section class=\"x-div x-container max width e3056-e1 m2cw-0\"><div class=\"x-text x-content e3056-e2 m2cw-1\"><h1>AV\u00cdS LEGAL<\/h1>\n<p>En compliment amb el deure informaci\u00f3 recollit a l'article 10 de la Llei 34\/2002, d'11 de juliol, de Serveis de la Societat de la Informaci\u00f3 i del Comer\u00e7 Electr\u00f2nic (LSSICE), el propietari de la web, us informa del seg\u00fcent:<\/p>\n\n<ul>\n \t<li>Denominaci\u00f3 social: ECOPOL TECH, SL<\/li>\n \t<li>NIF: B43811454<\/li>\n \t<li>Domicili: Ind\u00fastria 7 Parc Empresarial El Foix, 43720 - L'Arbo\u00e7 (Tarragona)<\/li>\n<\/ul>\n<p>Inscrita al Registre Mercantil de TARRAGONA al Tom 2095, foli 145, secci\u00f3 8, full n\u00famero T 31438, inscripci\u00f3 1<\/p>\n<p>Amb els l\u00edmits establerts a la llei, ECOPOL TECH, SL no assumeix cap responsabilitat derivada de la manca de veracitat, integritat, actualitzaci\u00f3 i precisi\u00f3 de les dades o informacions que contenen les seves p\u00e0gines web.<\/p>\n<p>Els continguts i la informaci\u00f3 no vinculen a ECOPOL TECH, SL ni constitueixen opinions, consells o assessorament legal de cap tipus, ja que es tracta merament d'un servei ofert amb car\u00e0cter informatiu i divulgatiu.<\/p>\n<p>Les p\u00e0gines d'Internet d'ECOPOL TECH, SL poden contenir enlla\u00e7os a altres p\u00e0gines de terceres parts que ECOPOL TECH, SL no pot controlar. Per tant, ECOPOL TECH, SL no pot assumir responsabilitats pel contingut que pugui apar\u00e8ixer a p\u00e0gines de tercers. <\/p>\n<p>Els textos, imatges, sons, animacions, programari i la resta de continguts inclosos en aquest lloc web s\u00f3n propietat exclusiva de ECOPOL TECH, SL o els seus llicenciants. Qualsevol acte de transmissi\u00f3, distribuci\u00f3, cessi\u00f3, reproducci\u00f3, emmagatzematge o comunicaci\u00f3 p\u00fablica total o parcial haur\u00e0 de comptar amb el consentiment expr\u00e9s d'ECOPOL TECH, SL. <\/p>\n<p>Aix\u00ed mateix, per accedir a alguns dels serveis que ECOPOL TECH, SL ofereix a trav\u00e9s del lloc web, heu de proporcionar algunes dades de car\u00e0cter personal. En compliment del que estableix el Reglament (UE) 2016\/679 del Parlament Europeu i del Consell, de 27 d'abril de 2016, relatiu a la protecci\u00f3 de les persones f\u00edsiques pel que fa al tractament de dades personals ia la lliure circulaci\u00f3 d'aquestes dades us informem que, mitjan\u00e7ant l'emplenament dels presents formularis, les vostres dades personals quedaran incorporades de poder-vos prestar i oferir els nostres serveis aix\u00ed com per informar-vos de les millores del lloc web. <\/p>\n<p>Us informem tamb\u00e9 que tindreu la possibilitat en tot moment d'exercir els drets d'acc\u00e9s, rectificaci\u00f3, cancel\u00b7laci\u00f3, oposici\u00f3, limitaci\u00f3 i portabilitat de les vostres dades de car\u00e0cter personal, de manera gratu\u00efta mitjan\u00e7ant email a: <span><a href=\"mailto:sales@ecopoltech.com\">sales@ecopoltech.com<\/a><\/span> oa l'adre\u00e7a: Ind\u00fastria 7 Parc Empresarial El Foix, 43720 - L'Arbo\u00e7 (Tarragona).<\/p><\/div><\/section><\/div>","protected":false},"excerpt":{"rendered":"<p>AV\u00cdS LEGAL En compliment amb el deure informaci\u00f3 recollit a l&#8217;article 10 de la Llei 34\/2002, d&#8217;11 de juliol, de Serveis de la Societat de la Informaci\u00f3 i del Comer\u00e7 Electr\u00f2nic (LSSICE), el propietari de la web, us informa del seg\u00fcent: Denominaci\u00f3 social: ECOPOL TECH, SL NIF: B43811454 Domicili: Ind\u00fastria 7 Parc Empresarial El Foix, 43720 &#8211; L&#8217;Arbo\u00e7 (Tarragona) Inscrita &#8230; <\/p>\n<div><a href=\"https:\/\/www.ecopoltech.com\/ca\/legal\/\" class=\"more-link\">Read More<\/a><\/div>\n","protected":false},"author":1,"featured_media":0,"parent":0,"menu_order":0,"comment_status":"closed","ping_status":"closed","template":"template-blank-4.php","meta":{"_acf_changed":false,"footnotes":""},"class_list":["post-3056","page","type-page","status-publish","hentry","no-post-thumbnail"],"acf":[],"_links":{"self":[{"href":"https:\/\/www.ecopoltech.com\/ca\/wp-json\/wp\/v2\/pages\/3056","targetHints":{"allow":["GET"]}}],"collection":[{"href":"https:\/\/www.ecopoltech.com\/ca\/wp-json\/wp\/v2\/pages"}],"about":[{"href":"https:\/\/www.ecopoltech.com\/ca\/wp-json\/wp\/v2\/types\/page"}],"author":[{"embeddable":true,"href":"https:\/\/www.ecopoltech.com\/ca\/wp-json\/wp\/v2\/users\/1"}],"replies":[{"embeddable":true,"href":"https:\/\/www.ecopoltech.com\/ca\/wp-json\/wp\/v2\/comments?post=3056"}],"version-history":[{"count":2,"href":"https:\/\/www.ecopoltech.com\/ca\/wp-json\/wp\/v2\/pages\/3056\/revisions"}],"predecessor-version":[{"id":3147,"href":"https:\/\/www.ecopoltech.com\/ca\/wp-json\/wp\/v2\/pages\/3056\/revisions\/3147"}],"wp:attachment":[{"href":"https:\/\/www.ecopoltech.com\/ca\/wp-json\/wp\/v2\/media?parent=3056"}],"curies":[{"name":"wp","href":"https:\/\/api.w.org\/{rel}","templated":true}]}}