{"id":3054,"date":"2026-01-27T16:21:28","date_gmt":"2026-01-27T15:21:28","guid":{"rendered":"https:\/\/ecopolstaging.c.wetopi.com\/?page_id=3054"},"modified":"2026-03-26T20:21:18","modified_gmt":"2026-03-26T19:21:18","slug":"politica-de-cookies","status":"publish","type":"page","link":"https:\/\/www.ecopoltech.com\/ca\/politica-de-cookies\/","title":{"rendered":"Pol\u00edtica de Cookies"},"content":{"rendered":"<div id=\"cs-content\" class=\"cs-content\"><div class=\"x-div x-container max width e3054-e1 m2cu-0\"><div class=\"x-text x-content e3054-e2 m2cu-1\"><h1>POL\u00cdTICA DE COOKIES<\/h1>\n<p>ECOPOL TECH, SL informa sobre l'\u00fas de les cookies a la seva p\u00e0gina web: <span><a href=\"https:\/\/ecopolstaging.c.wetopi.com\/ca\/\" target=\"_blank\" rel=\"noopener\">https:\/\/ecopolstaging.c.wetopi.com\/<\/a><\/span><\/p>\n\n<h2>Qu\u00e8 s\u00f3n les cookies?<\/h2>\n<p>Les cookies s\u00f3n arxius que es poden descarregar al vostre equip a trav\u00e9s de les p\u00e0gines web. S\u00f3n eines que tenen un paper essencial per a la prestaci\u00f3 de nombrosos serveis de la societat de la informaci\u00f3. Entre altres, permeten a una p\u00e0gina web emmagatzemar i recuperar informaci\u00f3 sobre els h\u00e0bits de navegaci\u00f3 d'un usuari o del vostre equip i, depenent de la informaci\u00f3 obtinguda, es poden utilitzar per recon\u00e8ixer l'usuari i millorar el servei ofert.<\/p>\n\n<h2>Tipus de cookies<\/h2>\n<p>Segons qui sigui l'entitat que gestioni el domini des d'on s'envien les galetes i tracti les dades que s'obtinguin es poden distingir dos tipus:<\/p>\n\n<ul>\n \t<li>Cookies pr\u00f2pies: Aquelles que s'envien a l'equip terminal de l'usuari des d'un equip o domini gestionat pel mateix editor i des del qual es presta el servei sol\u00b7licitat per l'usuari.<\/li>\n \t<li>Galetes de tercers: Aquelles que s'envien a l'equip terminal de l'usuari des d'un equip o domini que no \u00e9s gestionat per l'editor, sin\u00f3 per una altra entitat que tracta les dades obtingudes a trav\u00e9s de les galetes.<\/li>\n<\/ul>\n<p>En el cas que les cookies siguin instal\u00b7lades des d'un equip o domini gestionat pel mateix editor per\u00f2 la informaci\u00f3 que es reculli mitjan\u00e7ant aquestes sigui gestionada per un tercer, no poden ser considerades com a cookies pr\u00f2pies.<\/p>\n<p>Hi ha tamb\u00e9 una segona classificaci\u00f3 segons el termini de temps que romanen emmagatzemades al navegador del client, podent tractar-se de:<\/p>\n\n<ul>\n \t<li>Cookies de sessi\u00f3: Dissenyades per demanar i emmagatzemar dades mentre l'usuari accedeix a una p\u00e0gina web. Se solen emprar per emmagatzemar informaci\u00f3 que nom\u00e9s interessa conservar per a la prestaci\u00f3 del servei sol\u00b7licitat per l'usuari en una sola ocasi\u00f3 (pe una llista de productes adquirits).<\/li>\n \t<li>Cookies persistents: Les dades segueixen emmagatzemades al terminal i poden ser accedides i tractades durant un per\u00edode definit pel responsable de la galeta, i que pot anar d'uns minuts a diversos anys.<\/li>\n<\/ul>\n<p>Finalment, hi ha una altra classificaci\u00f3 amb sis tipus de cookies segons la finalitat per a la qual es tractin les dades obtingudes:<\/p>\n\n<ul>\n \t<li>Cookies t\u00e8cniques: Aquelles que permeten a l'usuari la navegaci\u00f3 a trav\u00e9s d'una p\u00e0gina web, plataforma o aplicaci\u00f3 i la utilitzaci\u00f3 de les diferents opcions o serveis que hi hagi com, per exemple, controlar el tr\u00e0nsit i la comunicaci\u00f3 de dades, identificar la sessi\u00f3, accedir a parts d'acc\u00e9s restringit, recordar els elements que integren una comanda, realitzar un proc\u00e9s de compra d'una comanda, fer la sol\u00b7licitud d'inscripci\u00f3 o fer la sol\u00b7licitud d'inscripci\u00f3 difusi\u00f3 de v\u00eddeos o so o compartir continguts a trav\u00e9s de xarxes socials.<\/li>\n \t<li>Galetes de personalitzaci\u00f3: Permeten a l'usuari accedir al servei amb algunes caracter\u00edstiques de car\u00e0cter general predefinides en funci\u00f3 d'una s\u00e8rie de criteris al terminal de l'usuari com ara serien l'idioma, el tipus de navegador a trav\u00e9s del qual accedeix al servei, la configuraci\u00f3 regional des d'on accedeix al servei, etc.<\/li>\n \t<li>Cookies d'an\u00e0lisi: Permeten al responsable de les mateixes, el seguiment i l'an\u00e0lisi del comportament dels usuaris dels llocs web als quals estan vinculades. La informaci\u00f3 recollida mitjan\u00e7ant aquest tipus de cookies s'utilitza en el mesurament de l'activitat dels llocs web, l'aplicaci\u00f3 o la plataforma i per a l'elaboraci\u00f3 de perfils de navegaci\u00f3 dels usuaris d'aquests llocs, aplicacions i plataformes, per introduir millores en funci\u00f3 de l'an\u00e0lisi de les dades d'\u00fas que fan els usuaris del servei.<\/li>\n \t<li>Galetes publicit\u00e0ries: Permeten la gesti\u00f3, de la manera m\u00e9s efica\u00e7 possible, dels espais publicitaris.<\/li>\n \t<li>Cookies de publicitat comportamental: Emmagatzemen informaci\u00f3 del comportament dels usuaris obtinguda a trav\u00e9s de l'observaci\u00f3 continuada dels seus h\u00e0bits de navegaci\u00f3, cosa que permet desenvolupar un perfil espec\u00edfic per mostrar publicitat en funci\u00f3 del mateix.<\/li>\n \t<li>Galetes de xarxes socials externes: S'utilitzen perqu\u00e8 els visitants puguin interactuar amb el contingut de diferents plataformes socials (facebook, youtube, twitter, linkedIn, etc..) i que es generin \u00fanicament per als usuaris d'aquestes xarxes socials. Les condicions d'utilitzaci\u00f3 d'aquestes galetes i la informaci\u00f3 recopilada es regula per la pol\u00edtica de privadesa de la plataforma social corresponent.<\/li>\n<\/ul>\n<h2>Desactivaci\u00f3 i eliminaci\u00f3 de cookies<\/h2>\n<p>Teniu l'opci\u00f3 de permetre, bloquejar o eliminar les cookies instal\u00b7lades al vostre equip mitjan\u00e7ant la configuraci\u00f3 de les opcions del navegador instal\u00b7lat al vostre equip. En desactivar galetes, alguns dels serveis disponibles podrien deixar d'estar operatius. La manera de deshabilitar les galetes \u00e9s diferent per a cada navegador, per\u00f2 normalment es pot fer des del men\u00fa Eines o Opcions. Tamb\u00e9 podeu consultar el men\u00fa d'Ajuda del navegador on podeu trobar instruccions. L'usuari podr\u00e0 en qualsevol moment triar quines galetes vol que funcionin en aquest lloc web.<\/p>\n<p>Podeu permetre, bloquejar o eliminar les cookies instal\u00b7lades al vostre equip mitjan\u00e7ant la configuraci\u00f3 de les opcions del navegador instal\u00b7lat al vostre ordinador:<\/p>\n\n<ul>\n \t<li>Microsoft Internet Explorer o Microsoft Edge: http:\/\/windows.microsoft.com\/es-es\/windows-vista\/Block-or-allow-cookies<\/li>\n \t<li>Mozilla Firefox: http:\/\/support.mozilla.org\/es\/kb\/impedir-que-los-sitios-web-guarden-sus-preferencia<\/li>\n \t<li>Chrome: https:\/\/support.google.com\/accounts\/answer\/61416?hl=ca<\/li>\n \t<li>Safari: http:\/\/safari.helpmax.net\/es\/privacidad-y-seguridad\/como-gestionar-las-cookies\/<\/li>\n \t<li>Opera: http:\/\/help.opera.com\/Linux\/10.60\/ca-ES\/cookies.html<\/li>\n<\/ul>\n<p>A m\u00e9s, tamb\u00e9 podeu gestionar el magatzem de cookies al vostre navegador a trav\u00e9s d'eines com les seg\u00fcents:<\/p>\n\n<ul>\n \t<li>Ghostery: www.ghostery.com<\/li>\n \t<li>Your Online Choices: www.youronlinechoices.com\/es\/<\/li>\n<\/ul>\n<p>Cookies utilitzades a https:\/\/ecopolstaging.c.wetopi.com\/<\/p>\n<p>A continuaci\u00f3 s'identifiquen les galetes que estan sent utilitzades en aquest portal aix\u00ed com la seva tipologia i funci\u00f3:<\/p>\n\n<ul>\n \t<li>_ga\n<ul>\n \t<li>Durada: 2 anys<\/li>\n \t<li>Descripci\u00f3: Serveix per distingir els usuaris. Generada per Google Analytics. Google emmagatzema la informaci\u00f3 recollida per les cookies en servidors ubicats als Estats Units, complint amb la legislaci\u00f3 Europea quant a protecci\u00f3 de dades personals i es compromet a no compartir-la amb tercers, excepte quan la llei li obligui a aix\u00f2 o sigui necessari per al funcionament del sistema. Google no associa la seva adre\u00e7a IP amb cap altra informaci\u00f3 que tingui. Si voleu obtenir m\u00e9s informaci\u00f3 sobre les cookies usades per Google Analytics, si us plau accediu a aquesta adre\u00e7a: https:\/\/developers.google.com\/analytics\/devguides\/collection\/analyticsjs\/cookie-usage?hl=ca&amp;csw=1<\/li>\n \t<li>Tipus: Tercer<\/li>\n \t<li>Finalitat: Anal\u00edtica<\/li>\n<\/ul>\n<\/li>\n \t<li>_ga_*\n<ul>\n \t<li>Durada: 1 any i 1 mes<\/li>\n \t<li>Descripci\u00f3: Aquesta galeta \u00e9s utilitzada per Google Analytics per mantenir l'estat de la sessi\u00f3. Ajuda a identificar usuaris \u00fanics assignant-los un ID de client generat aleat\u00f2riament. Aix\u00f2 permet a Google Analytics fer un seguiment de les interaccions de l'usuari a trav\u00e9s de sessions i visites.<\/li>\n \t<li>Tipus: Tercer<\/li>\n \t<li>Finalitat: Anal\u00edtica<\/li>\n<\/ul>\n<\/li>\n \t<li>moove_gdpr_popup\n<ul>\n \t<li>Durada: 1 setmana<\/li>\n \t<li>Descripci\u00f3: Controla l'acceptaci\u00f3 o bloqueig dels scripts de les galetes no funcionals de tercers.<\/li>\n \t<li>Tipus: Pr\u00f2pia<\/li>\n \t<li>Finalitat: T\u00e8cnica<\/li>\n<\/ul>\n<\/li>\n \t<li>wp-wpml_current_language\n<ul>\n \t<li>Durada: Sessi\u00f3<\/li>\n \t<li>Descripci\u00f3: Aquesta galeta s'utilitza per recordar l'idioma de prefer\u00e8ncia de l'usuari.<\/li>\n \t<li>Tipus: Pr\u00f2pia<\/li>\n \t<li>Finalitat: T\u00e8cnica<\/li>\n<\/ul>\n<\/li>\n<\/ul>\n<p>https:\/\/ecopolstaging.c.wetopi.com\/ mostra informaci\u00f3 sobre la seva Pol\u00edtica de cookies a la part inferior o superior de qualsevol p\u00e0gina del portal amb cada inici de sessi\u00f3.<\/p>\n<p>Davant d'aquesta informaci\u00f3 \u00e9s possible dur a terme les accions seg\u00fcents:<\/p>\n\n<ul>\n \t<li>Acceptar cookies: No es tornar\u00e0 a visualitzar aquest av\u00eds en accedir a qualsevol p\u00e0gina del portal durant aquesta sessi\u00f3.<\/li>\n \t<li>Modificar\/personalitzar la vostra configuraci\u00f3: Podreu obtenir m\u00e9s informaci\u00f3 sobre qu\u00e8 s\u00f3n les cookies, con\u00e8ixer la Pol\u00edtica de cookies de: https:\/\/ecopolstaging.c.wetopi.com\/ i modificar la configuraci\u00f3 del vostre navegador.<\/li>\n<\/ul>\n<p><span> <\/span><\/p><\/div><\/div><\/div>","protected":false},"excerpt":{"rendered":"<p>POL\u00cdTICA DE COOKIES ECOPOL TECH, SL informa sobre l&#8217;\u00fas de les cookies a la seva p\u00e0gina web: https:\/\/ecopolstaging.c.wetopi.com\/ Qu\u00e8 s\u00f3n les cookies? Les cookies s\u00f3n arxius que es poden descarregar al vostre equip a trav\u00e9s de les p\u00e0gines web. S\u00f3n eines que tenen un paper essencial per a la prestaci\u00f3 de nombrosos serveis de la societat de la informaci\u00f3. Entre &#8230; <\/p>\n<div><a href=\"https:\/\/www.ecopoltech.com\/ca\/politica-de-cookies\/\" class=\"more-link\">Read More<\/a><\/div>\n","protected":false},"author":1,"featured_media":0,"parent":0,"menu_order":0,"comment_status":"closed","ping_status":"closed","template":"template-blank-4.php","meta":{"_acf_changed":false,"footnotes":""},"class_list":["post-3054","page","type-page","status-publish","hentry","no-post-thumbnail"],"acf":[],"_links":{"self":[{"href":"https:\/\/www.ecopoltech.com\/ca\/wp-json\/wp\/v2\/pages\/3054","targetHints":{"allow":["GET"]}}],"collection":[{"href":"https:\/\/www.ecopoltech.com\/ca\/wp-json\/wp\/v2\/pages"}],"about":[{"href":"https:\/\/www.ecopoltech.com\/ca\/wp-json\/wp\/v2\/types\/page"}],"author":[{"embeddable":true,"href":"https:\/\/www.ecopoltech.com\/ca\/wp-json\/wp\/v2\/users\/1"}],"replies":[{"embeddable":true,"href":"https:\/\/www.ecopoltech.com\/ca\/wp-json\/wp\/v2\/comments?post=3054"}],"version-history":[{"count":2,"href":"https:\/\/www.ecopoltech.com\/ca\/wp-json\/wp\/v2\/pages\/3054\/revisions"}],"predecessor-version":[{"id":3144,"href":"https:\/\/www.ecopoltech.com\/ca\/wp-json\/wp\/v2\/pages\/3054\/revisions\/3144"}],"wp:attachment":[{"href":"https:\/\/www.ecopoltech.com\/ca\/wp-json\/wp\/v2\/media?parent=3054"}],"curies":[{"name":"wp","href":"https:\/\/api.w.org\/{rel}","templated":true}]}}