{"id":3052,"date":"2024-10-13T09:53:13","date_gmt":"2024-10-13T07:53:13","guid":{"rendered":"https:\/\/ecopolstaging.c.wetopi.com\/?page_id=3052"},"modified":"2026-03-26T20:20:05","modified_gmt":"2026-03-26T19:20:05","slug":"politica-de-privadesa","status":"publish","type":"page","link":"https:\/\/www.ecopoltech.com\/ca\/politica-de-privadesa\/","title":{"rendered":"Pol\u00edtica de privadesa"},"content":{"rendered":"<div id=\"cs-content\" class=\"cs-content\"><section class=\"x-div x-container max width e3052-e1 m2cs-0\"><div class=\"x-text x-content e3052-e2 m2cs-1\"><h1>POL\u00cdTICA DE PRIVADESA<\/h1>\n<h2>1. INFORMACI\u00d3 PER A L'USUARI<\/h2>\n<h3>Qui \u00e9s el responsable del tractament de les vostres dades personals?<\/h3>\n<p><strong>ECOPOL TECH SL<\/strong> \u00e9s el RESPONSABLE del tractament de les dades personals de l'USUARI i us informa que aquestes dades seran tractades de conformitat amb el que estableix el Reglament (UE) 2016\/679, de 27 d'abril (GDPR) i la Llei Org\u00e0nica 3\/2018, de 5 de desembre (LOPDGDD).<\/p>\n\n<h3>Per qu\u00e8 tractem les vostres dades personals?<\/h3>\n<p>Mantenir una relaci\u00f3 comercial amb lusuari. Les operacions de tractament previstes s\u00f3n:<\/p>\n\n<ul>\n \t<li>Enviament de comunicacions comercials publicit\u00e0ries per correu electr\u00f2nic, fax, SMS, MMS, xarxes socials o per qualsevol altre mitj\u00e0 electr\u00f2nic o f\u00edsic, present o futur, que possibiliti fer comunicacions comercials. Aquestes comunicacions seran realitzades pel RESPONSABLE i estaran relacionades amb els seus productes i serveis, o amb els dels seus socis o prove\u00efdors amb qu\u00e8 hagi assolit algun acord de promoci\u00f3. En aquest cas, els tercers mai no tindran acc\u00e9s a les dades personals.<\/li>\n \t<li>Realitzar estudis de mercat i an\u00e0lisis estad\u00edstiques.<\/li>\n \t<li>Tramitar enc\u00e0rrecs, sol\u00b7licituds, respondre consultes o qualsevol tipus de petici\u00f3 que sigui realitzada per l'USUARI a trav\u00e9s de qualsevol de les formes de contacte disponibles al lloc web del RESPONSABLE.<\/li>\n \t<li>Enviar el butllet\u00ed online sobre novetats, ofertes i promocions a la nostra activitat.<\/li>\n<\/ul>\n<h3>Per qu\u00e8 podem tractar les vostres dades personals?<\/h3>\n<p>Perqu\u00e8 el tractament est\u00e0 legitimat per l'article 6 del GDPR de la manera seg\u00fcent:<\/p>\n\n<ul>\n \t<li>Amb el consentiment de l'USUARI: tramesa de comunicacions comercials i del butllet\u00ed informatiu.<\/li>\n \t<li>En inter\u00e8s leg\u00edtim del RESPONSABLE: realitzar estudis de mercat, an\u00e0lisis estad\u00edstiques, etc. i tramitar comandes, sol\u00b7licituds, etc. a petici\u00f3 de l'USUARI.<\/li>\n<\/ul>\n<h3>Durant quant de temps conservarem les vostres dades personals?<\/h3>\n<p>Les dades es conservaran durant un termini no superior al necessari per mantenir la finalitat del tractament o mentre hi hagi prescripcions legals que imposin la seva cust\u00f2dia, i quan aquesta finalitat deixi de ser necess\u00e0ria les dades se suprimiran amb les mesures de seguretat adequades per garantir l'anonimitzaci\u00f3 de les dades o la seva destrucci\u00f3 total.<\/p>\n\n<h3>A qui revelem les vostres dades personals?<\/h3>\n<p>No est\u00e0 prevista la comunicaci\u00f3 de dades personals a tercers excepte, en cas de ser necessari per al desenvolupament i execuci\u00f3 de les finalitats del tractament, als nostres prove\u00efdors de serveis relacionats amb les comunicacions, amb qu\u00e8 el RESPONSABLE hagi subscrit els contractes de confidencialitat i encarregat del tractament exigits per la normativa vigent en mat\u00e8ria de privadesa.<\/p>\n\n<h3>Quins s\u00f3n els vostres drets?<\/h3>\n<p>Els drets de l'USUARI s\u00f3n:<\/p>\n\n<ul>\n \t<li>Dret a retirar el consentiment en qualsevol moment.<\/li>\n \t<li>Dret d'acc\u00e9s, rectificaci\u00f3, portabilitat i supressi\u00f3 de les vostres dades, aix\u00ed com la limitaci\u00f3 o oposici\u00f3 al tractament.<\/li>\n \t<li>Dret a presentar una reclamaci\u00f3 davant de l'Autoritat de Control espanyola (www.aepd.es) si considera que el tractament no s'ajusta a la legislaci\u00f3 vigent.<\/li>\n<\/ul>\n<h3>Informaci\u00f3 de contacte per exercir els drets:<\/h3>\n<p>ECOPOL TECH SL. C\/ IND\u00daSTRIA, 7 - 43720 L'ARBO\u00c7 (Tarragona). Correu electr\u00f2nic: sales@ecopoltech.com<\/p>\n\n<h2>2. CAR\u00c0CTER OBLIGATORI O FACULTATIU DE LA INFORMACI\u00d3 FACILITADA PER L'USUARI<\/h2>\n<p>Els USUARIS, mitjan\u00e7ant la marcaci\u00f3 de les caselles corresponents i la introducci\u00f3 de dades als camps, marcats amb un asterisc (*) al formulari de contacte o formularis de desc\u00e0rrega, accepten expressament i de forma lliure i inequ\u00edvoca que les seves dades s\u00f3n necess\u00e0ries perqu\u00e8 el prove\u00efdor pugui atendre la seva sol\u00b7licitud, facilitant volunt\u00e0riament les seves dades als camps restants. L'USUARI garanteix que les dades personals facilitades al RESPONSABLE s\u00f3n veraces i es fa responsable de comunicar-hi qualsevol modificaci\u00f3.<\/p>\n<p>El RESPONSABLE informa que totes les dades sol\u00b7licitades a trav\u00e9s del lloc web s\u00f3n obligat\u00f2ries, ja que s\u00f3n necess\u00e0ries per a la prestaci\u00f3 d'un servei \u00f2ptim a l'USUARI. En cas que no siguin facilitades totes les dades, no es garanteix que la informaci\u00f3 i els serveis facilitats siguin completament ajustats a les necessitats de l'Usuari.<\/p>\n\n<h2>3. MESURES DE SEGURETAT<\/h2>\n<p>Que de conformitat amb el que disposa la normativa vigent en mat\u00e8ria de protecci\u00f3 de dades de car\u00e0cter personal, el RESPONSABLE est\u00e0 complint amb tot el que disposa el GDPR i la normativa LOPDGDD per al tractament de les dades personals de qu\u00e8 \u00e9s responsable, i est\u00e0 complint manifestament amb els principis descrits en l'article 5 del GDPR, pels quals s\u00f3n tractats de manera i tractats de manera i limitats al que \u00e9s necessari en relaci\u00f3 amb els fins per als quals s\u00f3n tractats.<\/p>\n<p>El RESPONSABLE garanteix que s'han implementat totes les pol\u00edtiques t\u00e8cniques i organitzatives apropiades per aplicar les mesures de seguretat establertes pel GDPR i la LOPDGDD per tal de protegir els drets i les llibertats dels USUARIS i els ha comunicat la informaci\u00f3 adequada perqu\u00e8 puguin exercir-los.<\/p>\n<p>Per a m\u00e9s informaci\u00f3 sobre les garanties de privadesa, podeu contactar amb el RESPONSABLE a trav\u00e9s d'ECOPOL TECH SL. C\/ IND\u00daSTRIA, 7 - 43720 L'ARBO\u00c7 (Tarragona). Correu electr\u00f2nic: sales@ecopoltech.com<\/p><\/div><\/section><\/div>","protected":false},"excerpt":{"rendered":"<p>POL\u00cdTICA DE PRIVADESA 1. INFORMACI\u00d3 PER A L&#8217;USUARI Qui \u00e9s el responsable del tractament de les vostres dades personals? ECOPOL TECH SL \u00e9s el RESPONSABLE del tractament de les dades personals de l&#8217;USUARI i us informa que aquestes dades seran tractades de conformitat amb el que estableix el Reglament (UE) 2016\/679, de 27 d&#8217;abril (GDPR) i la Llei Org\u00e0nica 3\/2018, &#8230; <\/p>\n<div><a href=\"https:\/\/www.ecopoltech.com\/ca\/politica-de-privadesa\/\" class=\"more-link\">Read More<\/a><\/div>\n","protected":false},"author":1,"featured_media":0,"parent":0,"menu_order":0,"comment_status":"closed","ping_status":"closed","template":"template-blank-4.php","meta":{"_acf_changed":false,"footnotes":""},"class_list":["post-3052","page","type-page","status-publish","hentry","no-post-thumbnail"],"acf":[],"_links":{"self":[{"href":"https:\/\/www.ecopoltech.com\/ca\/wp-json\/wp\/v2\/pages\/3052","targetHints":{"allow":["GET"]}}],"collection":[{"href":"https:\/\/www.ecopoltech.com\/ca\/wp-json\/wp\/v2\/pages"}],"about":[{"href":"https:\/\/www.ecopoltech.com\/ca\/wp-json\/wp\/v2\/types\/page"}],"author":[{"embeddable":true,"href":"https:\/\/www.ecopoltech.com\/ca\/wp-json\/wp\/v2\/users\/1"}],"replies":[{"embeddable":true,"href":"https:\/\/www.ecopoltech.com\/ca\/wp-json\/wp\/v2\/comments?post=3052"}],"version-history":[{"count":2,"href":"https:\/\/www.ecopoltech.com\/ca\/wp-json\/wp\/v2\/pages\/3052\/revisions"}],"predecessor-version":[{"id":3140,"href":"https:\/\/www.ecopoltech.com\/ca\/wp-json\/wp\/v2\/pages\/3052\/revisions\/3140"}],"wp:attachment":[{"href":"https:\/\/www.ecopoltech.com\/ca\/wp-json\/wp\/v2\/media?parent=3052"}],"curies":[{"name":"wp","href":"https:\/\/api.w.org\/{rel}","templated":true}]}}