{"id":3050,"date":"2024-11-05T13:41:14","date_gmt":"2024-11-05T12:41:14","guid":{"rendered":"https:\/\/ecopolstaging.c.wetopi.com\/?page_id=3050"},"modified":"2026-03-26T20:06:03","modified_gmt":"2026-03-26T19:06:03","slug":"bloc","status":"publish","type":"page","link":"https:\/\/www.ecopoltech.com\/ca\/bloc\/","title":{"rendered":"Bloc"},"content":{"rendered":"<div id=\"cs-content\" class=\"cs-content\"><div class=\"x-div x-container max width e3050-e1 m2cq-0 m2cq-1 pantalla-completa-emptypage\"><div class=\"x-text x-text-headline e3050-e2 m2cq-3 m2cq-4 m2cq-5 m2cq-6\"><div class=\"x-text-content\"><div class=\"x-text-content-text\"><h1 class=\"x-text-content-text-primary\">Not\u00edcies i continguts d'<span class=\"green-text\">Ecopol Tech<\/span><\/h1>\n<h4 class=\"x-text-content-text-subheadline\">El nostre Bloc estar\u00e0 llest aviat, subscriu-te per rebre les nostres publicacions directament a la teva b\u00fastia.<\/h4><\/div><\/div><\/div><\/div><\/div>","protected":false},"excerpt":{"rendered":"<p>Not\u00edcies i continguts d&#8217;Ecopol Tech El nostre Bloc estar\u00e0 llest aviat, subscriu-te per rebre les nostres publicacions directament a la teva b\u00fastia.<\/p>\n","protected":false},"author":1,"featured_media":3043,"parent":0,"menu_order":0,"comment_status":"closed","ping_status":"closed","template":"template-blank-4.php","meta":{"_acf_changed":false,"footnotes":""},"class_list":["post-3050","page","type-page","status-publish","has-post-thumbnail","hentry"],"acf":[],"_links":{"self":[{"href":"https:\/\/www.ecopoltech.com\/ca\/wp-json\/wp\/v2\/pages\/3050","targetHints":{"allow":["GET"]}}],"collection":[{"href":"https:\/\/www.ecopoltech.com\/ca\/wp-json\/wp\/v2\/pages"}],"about":[{"href":"https:\/\/www.ecopoltech.com\/ca\/wp-json\/wp\/v2\/types\/page"}],"author":[{"embeddable":true,"href":"https:\/\/www.ecopoltech.com\/ca\/wp-json\/wp\/v2\/users\/1"}],"replies":[{"embeddable":true,"href":"https:\/\/www.ecopoltech.com\/ca\/wp-json\/wp\/v2\/comments?post=3050"}],"version-history":[{"count":2,"href":"https:\/\/www.ecopoltech.com\/ca\/wp-json\/wp\/v2\/pages\/3050\/revisions"}],"predecessor-version":[{"id":3116,"href":"https:\/\/www.ecopoltech.com\/ca\/wp-json\/wp\/v2\/pages\/3050\/revisions\/3116"}],"wp:featuredmedia":[{"embeddable":true,"href":"https:\/\/www.ecopoltech.com\/ca\/wp-json\/wp\/v2\/media\/3043"}],"wp:attachment":[{"href":"https:\/\/www.ecopoltech.com\/ca\/wp-json\/wp\/v2\/media?parent=3050"}],"curies":[{"name":"wp","href":"https:\/\/api.w.org\/{rel}","templated":true}]}}