{"id":3044,"date":"2024-10-14T09:18:03","date_gmt":"2024-10-14T07:18:03","guid":{"rendered":"https:\/\/ecopolstaging.c.wetopi.com\/?page_id=3044"},"modified":"2026-03-26T20:08:52","modified_gmt":"2026-03-26T19:08:52","slug":"contacte","status":"publish","type":"page","link":"https:\/\/www.ecopoltech.com\/ca\/contacte\/","title":{"rendered":"Contacte"},"content":{"rendered":"<div id=\"cs-content\" class=\"cs-content\"><div class=\"x-div e3044-e1 m2ck-0 m2ck-1 m2ck-2 m2ck-3 media-pantalla\"><div class=\"x-slide-container-viewport is-loading e3044-e2 m2ck-7 media-pantalla\" data-x-slide-container=\"{&quot;keyboardNavigation&quot;:true,&quot;startingSlide&quot;:1,&quot;enter&quot;:&quot;fade&quot;,&quot;exit&quot;:&quot;fade&quot;,&quot;swipe&quot;:&quot;&quot;,&quot;stacked&quot;:true}\"><div class=\"x-slide-container-content\"><div class=\"x-slide-container is-stacked\"><div class=\"x-slide e3044-e3 m2ck-8 media-pantalla\" data-x-slide=\"\"><div class=\"x-bg\"><div class=\"x-bg-layer-lower-img\"><img decoding=\"async\" src=\"https:\/\/www.ecopoltech.com\/media\/ecopoltech_014.webp\" srcset=\"https:\/\/www.ecopoltech.com\/media\/ecopoltech_014.webp 1740w, https:\/\/www.ecopoltech.com\/media\/ecopoltech_014-1200x290.webp 1200w, https:\/\/www.ecopoltech.com\/media\/ecopoltech_014-1536x371.webp 1536w, https:\/\/www.ecopoltech.com\/media\/ecopoltech_014-512x124.webp 512w, https:\/\/www.ecopoltech.com\/media\/ecopoltech_014-768x185.webp 768w, https:\/\/www.ecopoltech.com\/media\/ecopoltech_014-100x24.webp 100w\" sizes=\"(max-width: 1740px) 100vw, 1740px\" alt=\"\" loading=\"lazy\"\/><\/div><div class=\"x-bg-layer-upper-custom\" aria-hidden=\"true\"><div class=\"pantalla-completa-topbar degradation-hero-sliders\"><\/div><\/div><\/div><div class=\"x-text x-text-headline e3044-e4 m2ck-9 m2ck-a m2ck-b m2ck-c\"><div class=\"x-text-content\"><div class=\"x-text-content-text\"><h1 class=\"x-text-content-text-primary\">Contacti amb Ecopol Tech ara!<\/h1>\n<\/div><\/div><\/div><\/div><\/div><\/div><\/div><\/div><div class=\"x-div e3044-e5 m2ck-0 m2ck-3 m2ck-4 m2ck-5\" id=\"metadiv\"><div class=\"x-div x-container max width e3044-e6 m2ck-0 m2ck-1 m2ck-5 m2ck-6\"><div id=\"products-metadiv-headline\" class=\"x-text x-text-headline e3044-e7 m2ck-9 m2ck-a m2ck-d m2ck-e\"><div class=\"x-text-content\"><div class=\"x-text-content-text\"><h2 class=\"x-text-content-text-primary\">Ecopol Tech al seu abast<\/h2>\n<\/div><\/div><\/div><\/div><\/div><section class=\"x-section e3044-e8 m2ck-i pantalla-completa-topbar\" id=\"contact-form\"><div class=\"x-row e3044-e9 m2ck-j m2ck-k\"><div class=\"x-row-inner\"><div class=\"x-col e3044-e10 m2ck-l\"><div class=\"x-grid x-container max width e3044-e11 m2ck-m\"><div class=\"x-cell e3044-e12 m2ck-n m2ck-o\"><div class=\"x-text x-text-headline e3044-e13 m2ck-a m2ck-c m2ck-d m2ck-f m2ck-g\"><div class=\"x-text-content\"><div class=\"x-text-content-text\"><h2 class=\"x-text-content-text-primary\">Contacti'ns<\/h2>\n<\/div><\/div><\/div><div class=\"x-form-integration x-form-integration-contact-form-7 e3044-e14 m2ck-q\">\n<div class=\"wpcf7 no-js\" id=\"wpcf7-f3076-o1\" lang=\"ca\" dir=\"ltr\" data-wpcf7-id=\"3076\">\n<div class=\"screen-reader-response\"><p role=\"status\" aria-live=\"polite\" aria-atomic=\"true\"><\/p> <ul><\/ul><\/div>\n<form action=\"\/ca\/wp-json\/wp\/v2\/pages\/3044#wpcf7-f3076-o1\" method=\"post\" class=\"wpcf7-form init\" aria-label=\"Formulari de contacte\" novalidate=\"novalidate\" data-status=\"init\">\n<fieldset class=\"hidden-fields-container\"><input type=\"hidden\" name=\"_wpcf7\" value=\"3076\" \/><input type=\"hidden\" name=\"_wpcf7_version\" value=\"6.1.5\" \/><input type=\"hidden\" name=\"_wpcf7_locale\" value=\"ca\" \/><input type=\"hidden\" name=\"_wpcf7_unit_tag\" value=\"wpcf7-f3076-o1\" \/><input type=\"hidden\" name=\"_wpcf7_container_post\" value=\"0\" \/><input type=\"hidden\" name=\"_wpcf7_posted_data_hash\" value=\"\" \/>\n<\/fieldset>\n<div class=\"wpcf7-turnstile cf-turnstile\" data-sitekey=\"0x4AAAAAAAFugFMSy0h6Gbv6\" data-response-field-name=\"_wpcf7_turnstile_response\"><\/div>\n\n<p><label> Nom <span class=\"wpcf7-form-control-wrap\" data-name=\"your-name\"><input size=\"40\" maxlength=\"400\" class=\"wpcf7-form-control wpcf7-text wpcf7-validates-as-required\" autocomplete=\"name\" aria-required=\"true\" aria-invalid=\"false\" value=\"\" type=\"text\" name=\"your-name\" \/><\/span> <\/label><br \/>\n<label> Correu electr\u00f2nic <span class=\"wpcf7-form-control-wrap\" data-name=\"your-email\"><input size=\"40\" maxlength=\"400\" class=\"wpcf7-form-control wpcf7-email wpcf7-validates-as-required wpcf7-text wpcf7-validates-as-email\" autocomplete=\"email\" aria-required=\"true\" aria-invalid=\"false\" value=\"\" type=\"email\" name=\"your-email\" \/><\/span> <\/label><br \/>\n<label> Empresa <span class=\"wpcf7-form-control-wrap\" data-name=\"your-company\"><input size=\"40\" maxlength=\"400\" class=\"wpcf7-form-control wpcf7-text wpcf7-validates-as-required\" aria-required=\"true\" aria-invalid=\"false\" value=\"\" type=\"text\" name=\"your-company\" \/><\/span> <\/label><br \/>\n<label> P\u00e0gina web* <span class=\"wpcf7-form-control-wrap\" data-name=\"your-url\"><input size=\"40\" maxlength=\"400\" class=\"wpcf7-form-control wpcf7-url wpcf7-validates-as-required wpcf7-text wpcf7-validates-as-url\" aria-required=\"true\" aria-invalid=\"false\" value=\"\" type=\"url\" name=\"your-url\" \/><\/span> <\/label><br \/>\n<label> Pa\u00eds <span class=\"wpcf7-form-control-wrap\" data-name=\"your-country\"><input size=\"40\" maxlength=\"400\" class=\"wpcf7-form-control wpcf7-text wpcf7-validates-as-required\" aria-required=\"true\" aria-invalid=\"false\" value=\"\" type=\"text\" name=\"your-country\" \/><\/span> <\/label><br \/>\n<label> Producte d'inter\u00e8s <span class=\"wpcf7-form-control-wrap\" data-name=\"your-interest\"><input size=\"40\" maxlength=\"400\" class=\"wpcf7-form-control wpcf7-text\" aria-invalid=\"false\" value=\"\" type=\"text\" name=\"your-interest\" \/><\/span> <\/label><br \/>\n<label> Assumpte <span class=\"wpcf7-form-control-wrap\" data-name=\"your-subject\"><input size=\"40\" maxlength=\"400\" class=\"wpcf7-form-control wpcf7-text\" aria-invalid=\"false\" value=\"\" type=\"text\" name=\"your-subject\" \/><\/span> <\/label><br \/>\n<label> Missatge <span class=\"wpcf7-form-control-wrap\" data-name=\"your-message\"><textarea cols=\"10\" rows=\"4\" maxlength=\"2000\" class=\"wpcf7-form-control wpcf7-textarea wpcf7-validates-as-required\" aria-required=\"true\" aria-invalid=\"false\" name=\"your-message\"><\/textarea><\/span> <\/label>\n<\/p>\n<div class=\"personal-data-protection\">\n\t<p><b>Protecci\u00f3 de dades personals<\/b>\n\t<\/p>\n\t<p>Utilitzarem les vostres dades per respondre a consultes i realitzar an\u00e0lisis estad\u00edstiques. Per a m\u00e9s informaci\u00f3 sobre el tractament i els seus drets, consulteu la <a href=\"\/ca\/politica-de-privacitat\/\" rel=\"nofollow\" target=\"_blank\">Pol\u00edtica de privadesa<\/a> .\n\t<\/p>\n<\/div>\n<div class=\"form-acceptance-edit\">\n\t<p><span class=\"wpcf7-form-control-wrap\" data-name=\"acceptance-481\"><span class=\"wpcf7-form-control wpcf7-acceptance\"><span class=\"wpcf7-list-item\"><label><input type=\"checkbox\" name=\"acceptance-481\" value=\"1\" aria-invalid=\"false\" \/><span class=\"wpcf7-list-item-label\">He llegit i accepto la <a href=\"\/ca\/politica-de-privacitat\/\" rel=\"nofollow\" target=\"_blank\">Pol\u00edtica de privacitat<\/a> .<\/span><\/label><\/span><\/span><\/span>\n\t<\/p>\n<\/div>\n<p><input class=\"wpcf7-form-control wpcf7-submit has-spinner\" type=\"submit\" value=\"Enviar\" \/>\n<\/p><div class=\"wpcf7-response-output\" aria-hidden=\"true\"><\/div>\n<\/form>\n<\/div>\n<\/div><\/div><div class=\"x-cell e3044-e15 m2ck-n m2ck-p\"><div class=\"x-text x-text-headline e3044-e16 m2ck-a m2ck-c m2ck-d m2ck-g m2ck-h\"><div class=\"x-text-content\"><div class=\"x-text-content-text\"><h2 class=\"x-text-content-text-primary\">UBICACI\u00d3<\/h2>\n<\/div><\/div><\/div><hr class=\"x-line e3044-e17 m2ck-r\"\/><iframe  src=\"https:\/\/www.google.com\/maps\/embed?pb=!1m18!1m12!1m3!1d2998.2805475005025!2d1.6224208!3d41.2809983!2m3!1f0!2f0!3f0!3m2!1i1024!2i768!4f13.1!3m3!1m2!1s0x12a4763c9bebbbbb%3A0xe14fe4ccc269d556!2sEcopol%20Tech%20SL!5e0!3m2!1sca!2ses!4v1730817318588!5m2!1sca!2ses\" width=\"auto\" height=\"640\" style=\"border:0;\" allowfullscreen=\"\" loading=\"lazy\" referrerpolicy=\"no-referrer-when-downgrade\"><\/iframe><\/div><\/div><\/div><\/div><\/div><\/section><\/div>","protected":false},"excerpt":{"rendered":"<p>Contacti amb Ecopol Tech ara! Ecopol Tech al seu abast Contacti&#8217;ns Nom Correu electr\u00f2nic Empresa P\u00e0gina web* Pa\u00eds Producte d&#8217;inter\u00e8s Assumpte Missatge Protecci\u00f3 de dades personals Utilitzarem les vostres dades per respondre a consultes i realitzar an\u00e0lisis estad\u00edstiques. Per a m\u00e9s informaci\u00f3 sobre el tractament i els seus drets, consulteu la Pol\u00edtica de privadesa . He llegit i accepto la &#8230; <\/p>\n<div><a href=\"https:\/\/www.ecopoltech.com\/ca\/contacte\/\" class=\"more-link\">Read More<\/a><\/div>\n","protected":false},"author":1,"featured_media":0,"parent":0,"menu_order":0,"comment_status":"closed","ping_status":"closed","template":"template-blank-4.php","meta":{"_acf_changed":false,"footnotes":""},"class_list":["post-3044","page","type-page","status-publish","hentry","no-post-thumbnail"],"acf":[],"_links":{"self":[{"href":"https:\/\/www.ecopoltech.com\/ca\/wp-json\/wp\/v2\/pages\/3044","targetHints":{"allow":["GET"]}}],"collection":[{"href":"https:\/\/www.ecopoltech.com\/ca\/wp-json\/wp\/v2\/pages"}],"about":[{"href":"https:\/\/www.ecopoltech.com\/ca\/wp-json\/wp\/v2\/types\/page"}],"author":[{"embeddable":true,"href":"https:\/\/www.ecopoltech.com\/ca\/wp-json\/wp\/v2\/users\/1"}],"replies":[{"embeddable":true,"href":"https:\/\/www.ecopoltech.com\/ca\/wp-json\/wp\/v2\/comments?post=3044"}],"version-history":[{"count":2,"href":"https:\/\/www.ecopoltech.com\/ca\/wp-json\/wp\/v2\/pages\/3044\/revisions"}],"predecessor-version":[{"id":3122,"href":"https:\/\/www.ecopoltech.com\/ca\/wp-json\/wp\/v2\/pages\/3044\/revisions\/3122"}],"wp:attachment":[{"href":"https:\/\/www.ecopoltech.com\/ca\/wp-json\/wp\/v2\/media?parent=3044"}],"curies":[{"name":"wp","href":"https:\/\/api.w.org\/{rel}","templated":true}]}}